{"id":4681,"date":"2020-05-14T12:05:12","date_gmt":"2020-05-14T10:05:12","guid":{"rendered":"https:\/\/befare.eu\/obchod\/sterillight-air-g1-15w-uv-c-air-sterilizer\/"},"modified":"2021-03-22T21:19:06","modified_gmt":"2021-03-22T20:19:06","slug":"sterillight-air-g1-15w-uv-c-air-sterilizer","status":"publish","type":"product","link":"https:\/\/befare.eu\/en\/e-shop\/sterillight-air-g1-15w-uv-c-air-sterilizer\/","title":{"rendered":"STERILLIGHT Air G1 15W air sterilizer"},"content":{"rendered":"<p><div class=\"fusion-fullwidth fullwidth-box fusion-builder-row-1 fusion-flex-container nonhundred-percent-fullwidth non-hundred-percent-height-scrolling\" style=\"background-color: rgba(255,255,255,0);background-position: center center;background-repeat: no-repeat;border-width: 0px 0px 0px 0px;border-color:#eae9e9;border-style:solid;\" ><div class=\"fusion-builder-row fusion-row fusion-flex-align-items-flex-start\" style=\"max-width:calc( 1300px + 0px );margin-left: calc(-0px \/ 2 );margin-right: calc(-0px \/ 2 );\"><div class=\"fusion-layout-column fusion_builder_column fusion-builder-column-0 fusion_builder_column_1_1 1_1 fusion-flex-column\"><div class=\"fusion-column-wrapper fusion-flex-justify-content-flex-start fusion-content-layout-column\" style=\"background-position:left top;background-repeat:no-repeat;-webkit-background-size:cover;-moz-background-size:cover;-o-background-size:cover;background-size:cover;padding: 0px 0px 0px 0px;\"><div class=\"fusion-text fusion-text-1\"><h3 class=\"fusion-responsive-typography-calculated\" data-fontsize=\"40\" data-lineheight=\"48px\">Steriliz\u00e1tor vzduchu: Germic\u00eddny \u017eiari\u010d &#8211; likviduje v\u00edrusy, bakt\u00e9rie a plesne ultrafialov\u00fdm \u017eiaren\u00edm!<\/h3>\n<h5>Steriliz\u00e1cia vzduchu a povrchov UVC svetlom je v zdravotn\u00edctve met\u00f3na vyu\u017e\u00edvan\u00e1 u\u017e desiatky rokov!<\/h5>\n<\/div><div class=\"fusion-text fusion-text-2\"><p>POU\u017dITIE<\/p>\n<div class=\"page\" title=\"Page 1\">\n<div class=\"section\">\n<div class=\"layoutArea\">\n<div class=\"column\">\n<p>Dom\u00e1cnosti, administrat\u00edvne priestory, zdravotn\u00edctvo, \u0161kolstvo, obchod, hotely&#8230;<\/p>\n<p>V\u00ddHODY<\/p>\n<div class=\"page\" title=\"Page 1\">\n<div class=\"section\">\n<div class=\"layoutArea\">\n<div class=\"column\">\n<ul>\n<li>steriliz\u00e1cia vzduchu za pr\u00edtomnosti \u013eud\u00ed<\/li>\n<li>\u0161t\u00fadie a testy dokazuj\u00fa: germic\u00eddny \u017eiari\u010d a UV-C svetlo likviduj\u00fa a\u017e 99,9 % v\u00edrusov a in\u00fdch choroboplodn\u00fdch organizmov<\/li>\n<li>likviduje v\u00edrus chr\u00edpky, SARS-CoV-2 COVID v\u00edrus a \u010fal\u0161ie bakt\u00e9rie a plesne vo vzduchu<\/li>\n<li>steriliz\u00e1cia vzduchu bez nebezpe\u010dn\u00e9ho oz\u00f3nu, likvid\u00e1cia v\u00edrusov prebieha v uzavretej komore<\/li>\n<li>tich\u00fd chod, pr\u00edstroj je vhodn\u00fd do Va\u0161ej kancel\u00e1rie aj V\u00e1\u0161ho domova<\/li>\n<li>mont\u00e1\u017e na r\u00f4znych miestach (na stene, na strope, na mobilnom stojane alebo umiestnenie na n\u00e1bytok)<\/li>\n<\/ul>\n<\/div>\n<\/div>\n<\/div>\n<\/div>\n<\/div>\n<\/div>\n<\/div>\n<\/div>\n<\/div><\/div><style type=\"text\/css\">.fusion-body .fusion-builder-column-0{width:100% !important;margin-top : 0px;margin-bottom : 0px;}.fusion-builder-column-0 > .fusion-column-wrapper {padding-top : 0px !important;padding-right : 0px !important;margin-right : 0px;padding-bottom : 0px !important;padding-left : 0px !important;margin-left : 0px;}@media only screen and (max-width:1024px) {.fusion-body .fusion-builder-column-0{width:100% !important;}.fusion-builder-column-0 > .fusion-column-wrapper {margin-right : 0px;margin-left : 0px;}}@media only screen and (max-width:768px) {.fusion-body .fusion-builder-column-0{width:100% !important;}.fusion-builder-column-0 > .fusion-column-wrapper {margin-right : 0px;margin-left : 0px;}}<\/style><\/div><\/div><style type=\"text\/css\">.fusion-body .fusion-flex-container.fusion-builder-row-1{ padding-top : 0px;margin-top : 0px;padding-right : 0px;padding-bottom : 30px;margin-bottom : 0px;padding-left : 0px;}<\/style><\/div>\n<div class=\"fusion-fullwidth fullwidth-box fusion-builder-row-2 fusion-flex-container nonhundred-percent-fullwidth non-hundred-percent-height-scrolling\" style=\"background-color: rgba(255,255,255,0);background-position: center center;background-repeat: no-repeat;border-width: 0px 0px 0px 0px;border-color:#eae9e9;border-style:solid;\" ><div class=\"fusion-builder-row fusion-row fusion-flex-align-items-flex-start\" style=\"max-width:1352px;margin-left: calc(-4% \/ 2 );margin-right: calc(-4% \/ 2 );\"><div class=\"fusion-layout-column fusion_builder_column fusion-builder-column-1 fusion_builder_column_1_1 1_1 fusion-flex-column\"><div class=\"fusion-column-wrapper fusion-flex-justify-content-flex-start fusion-content-layout-column\" style=\"background-position:left top;background-repeat:no-repeat;-webkit-background-size:cover;-moz-background-size:cover;-o-background-size:cover;background-size:cover;padding: 0px 0px 0px 0px;\">\n<div class=\"table-2\">\n<table width=\"100%\">\n<thead>\n<tr>\n<th align=\"left\"><strong><span class=\"VIiyi\" lang=\"en\"><span class=\"JLqJ4b ChMk0b C1N51c\" data-language-for-alternatives=\"en\" data-language-to-translate-into=\"sk\" data-phrase-index=\"0\">STERILLIGHT Air sterilizer &#8211; technical information<\/span><\/span><\/strong><\/th>\n<th align=\"left\"><\/th>\n<\/tr>\n<\/thead>\n<tbody>\n<tr>\n<td align=\"left\">\n<div class=\"table-2\">\n<div class=\"table-2\">\n<div class=\"table-2\">\n<div class=\"table-2\">\n<div class=\"table-2\">\n<div class=\"table-2\">\n<div class=\"table-2\"><span class=\"VIiyi\" lang=\"en\"><span class=\"JLqJ4b ChMk0b\" data-language-for-alternatives=\"en\" data-language-to-translate-into=\"sk\" data-phrase-index=\"0\">CONSTRUCTION MATERIAL<\/span><\/span><\/div>\n<\/div>\n<\/div>\n<\/div>\n<\/div>\n<\/div>\n<\/div>\n<\/td>\n<td align=\"left\">\n<div class=\"table-2\">\n<div class=\"table-2\">\n<div class=\"table-2\">\n<div class=\"table-2\">\n<div class=\"table-2\">\n<div class=\"table-2\">\n<div class=\"table-2\">Hlin\u00edkov\u00fd profil<\/div>\n<\/div>\n<\/div>\n<\/div>\n<\/div>\n<\/div>\n<\/div>\n<\/td>\n<\/tr>\n<tr>\n<td align=\"left\">\n<div class=\"table-2\">\n<div class=\"table-2\">\n<div class=\"table-2\"><span class=\"VIiyi\" lang=\"en\"><span class=\"JLqJ4b ChMk0b C1N51c\" data-language-for-alternatives=\"en\" data-language-to-translate-into=\"sk\" data-phrase-index=\"0\">SURFACE TREATMENT<\/span><\/span><\/div>\n<\/div>\n<\/div>\n<\/td>\n<td align=\"left\">\n<div class=\"table-2\">\n<div class=\"table-2\">\n<div class=\"table-2\">Pr\u00e1\u0161kov\u00e9 lakovanie RAL 9003<\/div>\n<\/div>\n<\/div>\n<\/td>\n<\/tr>\n<tr>\n<td align=\"left\">\n<div class=\"table-2\">\n<div class=\"table-2\">\n<div class=\"table-2\"><span class=\"VIiyi\" lang=\"en\"><span class=\"JLqJ4b ChMk0b\" data-language-for-alternatives=\"en\" data-language-to-translate-into=\"sk\" data-phrase-index=\"0\">SUPPLY VOLTAGE<\/span><\/span><\/div>\n<\/div>\n<\/div>\n<\/td>\n<td align=\"left\">\n<div class=\"table-2\">\n<div class=\"table-2\">\n<div class=\"table-2\">230 V \/ 50 Hz<\/div>\n<\/div>\n<\/div>\n<\/td>\n<\/tr>\n<tr>\n<td align=\"left\">\n<div class=\"table-2\">\n<div class=\"table-2\">\n<div class=\"table-2\"><span class=\"VIiyi\" lang=\"en\"><span class=\"JLqJ4b ChMk0b\" data-language-for-alternatives=\"en\" data-language-to-translate-into=\"sk\" data-phrase-index=\"0\">DEGREE OF COVER PROTECTION<\/span><\/span><\/div>\n<\/div>\n<\/div>\n<\/td>\n<td align=\"left\">\n<div class=\"table-2\">\n<div class=\"table-2\">\n<div class=\"table-2\">IP20<\/div>\n<\/div>\n<\/div>\n<\/td>\n<\/tr>\n<tr>\n<td align=\"left\">\n<div class=\"table-2\">\n<div class=\"table-2\">\n<div class=\"table-2\"><span class=\"VIiyi\" lang=\"en\"><span class=\"JLqJ4b ChMk0b\" data-language-for-alternatives=\"en\" data-language-to-translate-into=\"sk\" data-phrase-index=\"0\">MINIMUM EQUIPMENT LIFE<\/span><\/span><\/div>\n<\/div>\n<\/div>\n<\/td>\n<td align=\"left\">\n<div class=\"table-2\">\n<div class=\"table-2\">\n<div class=\"table-2\">\n<div class=\"table-2\">60000 Hrs.<\/div>\n<\/div>\n<\/div>\n<\/div>\n<\/td>\n<\/tr>\n<tr>\n<td align=\"left\">DIMENSIONS<\/td>\n<td align=\"left\">744 x 220 x 88 mm<\/td>\n<\/tr>\n<tr>\n<td align=\"left\"><span class=\"VIiyi\" lang=\"en\"><span class=\"JLqJ4b ChMk0b\" data-language-for-alternatives=\"en\" data-language-to-translate-into=\"sk\" data-phrase-index=\"0\">VOLUME OF PUMPED AIR<\/span><\/span><\/td>\n<td align=\"left\">20 m3 \/ h<\/td>\n<\/tr>\n<tr>\n<td align=\"left\">INPUT<\/td>\n<td align=\"left\">19 W<\/td>\n<\/tr>\n<tr>\n<td align=\"left\"><span class=\"VIiyi\" lang=\"en\"><span class=\"JLqJ4b ChMk0b\" data-language-for-alternatives=\"en\" data-language-to-translate-into=\"sk\" data-phrase-index=\"0\">SOURCE OF UV-C RADIATION<\/span><\/span><\/td>\n<td align=\"left\">1 x 15 W<\/td>\n<\/tr>\n<tr>\n<td align=\"left\">WEIGHT<\/td>\n<td align=\"left\">5,3 kg<\/td>\n<\/tr>\n<tr>\n<td align=\"left\">WARRANTY<\/td>\n<td align=\"left\">24 months<\/td>\n<\/tr>\n<\/tbody>\n<\/table>\n<\/div>\n<\/div><style type=\"text\/css\">.fusion-body .fusion-builder-column-1{width:100% !important;margin-top : 0px;margin-bottom : 20px;}.fusion-builder-column-1 > .fusion-column-wrapper {padding-top : 0px !important;padding-right : 0px !important;margin-right : 1.92%;padding-bottom : 0px !important;padding-left : 0px !important;margin-left : 1.92%;}@media only screen and (max-width:1024px) {.fusion-body .fusion-builder-column-1{width:100% !important;order : 0;}.fusion-builder-column-1 > .fusion-column-wrapper {margin-right : 1.92%;margin-left : 1.92%;}}@media only screen and (max-width:768px) {.fusion-body .fusion-builder-column-1{width:100% !important;order : 0;}.fusion-builder-column-1 > .fusion-column-wrapper {margin-right : 1.92%;margin-left : 1.92%;}}<\/style><\/div><\/div><style type=\"text\/css\">.fusion-body .fusion-flex-container.fusion-builder-row-2{ padding-top : 0px;margin-top : 0px;padding-right : 0px;padding-bottom : 0px;margin-bottom : 0px;padding-left : 0px;}<\/style><\/div><\/p>\n","protected":false},"excerpt":{"rendered":"<div class=\"page\" title=\"Page 2\">\n<div class=\"section\">\n<div class=\"layoutArea\">\n<div class=\"column\">\n<h5><span class=\"VIiyi\" lang=\"en\"><span class=\"JLqJ4b ChMk0b\" data-language-for-alternatives=\"en\" data-language-to-translate-into=\"sk\" data-phrase-index=\"0\">Germicidal radiator &#8211; suitable for rooms up to 25m\u00b2<\/span><\/span><\/h5>\n<\/div>\n<\/div>\n<\/div>\n<\/div>\n","protected":false},"featured_media":4366,"template":"","meta":[],"product_cat":[186],"product_tag":[],"yoast_head":"<!-- This site is optimized with the Yoast SEO plugin v20.0 - https:\/\/yoast.com\/wordpress\/plugins\/seo\/ -->\n<title>UV-C air sterilization<\/title>\n<meta name=\"description\" content=\"New! STERILLIGHT Air Sterilizer - Quick and effective disinfection of your environment - For the safety of your workplace or home\u2757\" \/>\n<meta name=\"robots\" content=\"index, follow, max-snippet:-1, max-image-preview:large, max-video-preview:-1\" \/>\n<link rel=\"canonical\" href=\"https:\/\/befare.eu\/en\/e-shop\/sterillight-air-g1-15w-uv-c-air-sterilizer\/\" \/>\n<meta property=\"og:locale\" content=\"en_US\" \/>\n<meta property=\"og:type\" content=\"article\" \/>\n<meta property=\"og:title\" content=\"UV-C air sterilization\" \/>\n<meta property=\"og:description\" content=\"New! STERILLIGHT Air Sterilizer - Quick and effective disinfection of your environment - For the safety of your workplace or home\u2757\" \/>\n<meta property=\"og:url\" content=\"https:\/\/befare.eu\/en\/e-shop\/sterillight-air-g1-15w-uv-c-air-sterilizer\/\" \/>\n<meta property=\"og:site_name\" content=\"BEFARE 1 s.r.o.\" \/>\n<meta property=\"article:publisher\" content=\"https:\/\/www.facebook.com\/STERILLIGHT-101944348437357\" \/>\n<meta property=\"article:modified_time\" content=\"2021-03-22T20:19:06+00:00\" \/>\n<meta property=\"og:image\" content=\"https:\/\/befare.eu\/wp-content\/uploads\/2020\/12\/Sterillight-Air-G1-1200.jpg\" \/>\n\t<meta property=\"og:image:width\" content=\"1200\" \/>\n\t<meta property=\"og:image:height\" content=\"1200\" \/>\n\t<meta property=\"og:image:type\" content=\"image\/jpeg\" \/>\n<meta name=\"twitter:card\" content=\"summary_large_image\" \/>\n<meta name=\"twitter:label1\" content=\"Est. reading time\" \/>\n\t<meta name=\"twitter:data1\" content=\"2 minutes\" \/>\n<script type=\"application\/ld+json\" class=\"yoast-schema-graph\">{\"@context\":\"https:\/\/schema.org\",\"@graph\":[{\"@type\":\"WebPage\",\"@id\":\"https:\/\/befare.eu\/en\/e-shop\/sterillight-air-g1-15w-uv-c-air-sterilizer\/\",\"url\":\"https:\/\/befare.eu\/en\/e-shop\/sterillight-air-g1-15w-uv-c-air-sterilizer\/\",\"name\":\"UV-C air sterilization\",\"isPartOf\":{\"@id\":\"https:\/\/befare.eu\/de\/#website\"},\"datePublished\":\"2020-05-14T10:05:12+00:00\",\"dateModified\":\"2021-03-22T20:19:06+00:00\",\"description\":\"New! STERILLIGHT Air Sterilizer - Quick and effective disinfection of your environment - For the safety of your workplace or home\u2757\",\"breadcrumb\":{\"@id\":\"https:\/\/befare.eu\/en\/e-shop\/sterillight-air-g1-15w-uv-c-air-sterilizer\/#breadcrumb\"},\"inLanguage\":\"en-US\",\"potentialAction\":[{\"@type\":\"ReadAction\",\"target\":[\"https:\/\/befare.eu\/en\/e-shop\/sterillight-air-g1-15w-uv-c-air-sterilizer\/\"]}]},{\"@type\":\"BreadcrumbList\",\"@id\":\"https:\/\/befare.eu\/en\/e-shop\/sterillight-air-g1-15w-uv-c-air-sterilizer\/#breadcrumb\",\"itemListElement\":[{\"@type\":\"ListItem\",\"position\":1,\"name\":\"Domovsk\u00e1 str\u00e1nka\",\"item\":\"https:\/\/befare.eu\/en\/\"},{\"@type\":\"ListItem\",\"position\":2,\"name\":\"Products\",\"item\":\"https:\/\/befare.eu\/en\/shop\/\"},{\"@type\":\"ListItem\",\"position\":3,\"name\":\"STERILLIGHT Air G1 15W air sterilizer\"}]},{\"@type\":\"WebSite\",\"@id\":\"https:\/\/befare.eu\/de\/#website\",\"url\":\"https:\/\/befare.eu\/de\/\",\"name\":\"BEFARE 1 s.r.o.\",\"description\":\"\",\"publisher\":{\"@id\":\"https:\/\/befare.eu\/de\/#organization\"},\"potentialAction\":[{\"@type\":\"SearchAction\",\"target\":{\"@type\":\"EntryPoint\",\"urlTemplate\":\"https:\/\/befare.eu\/de\/?s={search_term_string}\"},\"query-input\":\"required name=search_term_string\"}],\"inLanguage\":\"en-US\"},{\"@type\":\"Organization\",\"@id\":\"https:\/\/befare.eu\/de\/#organization\",\"name\":\"Befare 1 s.r.o.\",\"url\":\"https:\/\/befare.eu\/de\/\",\"logo\":{\"@type\":\"ImageObject\",\"inLanguage\":\"en-US\",\"@id\":\"https:\/\/befare.eu\/de\/#\/schema\/logo\/image\/\",\"url\":\"https:\/\/befare.eu\/wp-content\/uploads\/2020\/05\/befare-logo.png\",\"contentUrl\":\"https:\/\/befare.eu\/wp-content\/uploads\/2020\/05\/befare-logo.png\",\"width\":300,\"height\":80,\"caption\":\"Befare 1 s.r.o.\"},\"image\":{\"@id\":\"https:\/\/befare.eu\/de\/#\/schema\/logo\/image\/\"},\"sameAs\":[\"https:\/\/www.facebook.com\/STERILLIGHT-101944348437357\"]}]}<\/script>\n<!-- \/ Yoast SEO plugin. -->","yoast_head_json":{"title":"UV-C air sterilization","description":"New! STERILLIGHT Air Sterilizer - Quick and effective disinfection of your environment - For the safety of your workplace or home\u2757","robots":{"index":"index","follow":"follow","max-snippet":"max-snippet:-1","max-image-preview":"max-image-preview:large","max-video-preview":"max-video-preview:-1"},"canonical":"https:\/\/befare.eu\/en\/e-shop\/sterillight-air-g1-15w-uv-c-air-sterilizer\/","og_locale":"en_US","og_type":"article","og_title":"UV-C air sterilization","og_description":"New! STERILLIGHT Air Sterilizer - Quick and effective disinfection of your environment - For the safety of your workplace or home\u2757","og_url":"https:\/\/befare.eu\/en\/e-shop\/sterillight-air-g1-15w-uv-c-air-sterilizer\/","og_site_name":"BEFARE 1 s.r.o.","article_publisher":"https:\/\/www.facebook.com\/STERILLIGHT-101944348437357","article_modified_time":"2021-03-22T20:19:06+00:00","og_image":[{"width":1200,"height":1200,"url":"https:\/\/befare.eu\/wp-content\/uploads\/2020\/12\/Sterillight-Air-G1-1200.jpg","type":"image\/jpeg"}],"twitter_card":"summary_large_image","twitter_misc":{"Est. reading time":"2 minutes"},"schema":{"@context":"https:\/\/schema.org","@graph":[{"@type":"WebPage","@id":"https:\/\/befare.eu\/en\/e-shop\/sterillight-air-g1-15w-uv-c-air-sterilizer\/","url":"https:\/\/befare.eu\/en\/e-shop\/sterillight-air-g1-15w-uv-c-air-sterilizer\/","name":"UV-C air sterilization","isPartOf":{"@id":"https:\/\/befare.eu\/de\/#website"},"datePublished":"2020-05-14T10:05:12+00:00","dateModified":"2021-03-22T20:19:06+00:00","description":"New! STERILLIGHT Air Sterilizer - Quick and effective disinfection of your environment - For the safety of your workplace or home\u2757","breadcrumb":{"@id":"https:\/\/befare.eu\/en\/e-shop\/sterillight-air-g1-15w-uv-c-air-sterilizer\/#breadcrumb"},"inLanguage":"en-US","potentialAction":[{"@type":"ReadAction","target":["https:\/\/befare.eu\/en\/e-shop\/sterillight-air-g1-15w-uv-c-air-sterilizer\/"]}]},{"@type":"BreadcrumbList","@id":"https:\/\/befare.eu\/en\/e-shop\/sterillight-air-g1-15w-uv-c-air-sterilizer\/#breadcrumb","itemListElement":[{"@type":"ListItem","position":1,"name":"Domovsk\u00e1 str\u00e1nka","item":"https:\/\/befare.eu\/en\/"},{"@type":"ListItem","position":2,"name":"Products","item":"https:\/\/befare.eu\/en\/shop\/"},{"@type":"ListItem","position":3,"name":"STERILLIGHT Air G1 15W air sterilizer"}]},{"@type":"WebSite","@id":"https:\/\/befare.eu\/de\/#website","url":"https:\/\/befare.eu\/de\/","name":"BEFARE 1 s.r.o.","description":"","publisher":{"@id":"https:\/\/befare.eu\/de\/#organization"},"potentialAction":[{"@type":"SearchAction","target":{"@type":"EntryPoint","urlTemplate":"https:\/\/befare.eu\/de\/?s={search_term_string}"},"query-input":"required name=search_term_string"}],"inLanguage":"en-US"},{"@type":"Organization","@id":"https:\/\/befare.eu\/de\/#organization","name":"Befare 1 s.r.o.","url":"https:\/\/befare.eu\/de\/","logo":{"@type":"ImageObject","inLanguage":"en-US","@id":"https:\/\/befare.eu\/de\/#\/schema\/logo\/image\/","url":"https:\/\/befare.eu\/wp-content\/uploads\/2020\/05\/befare-logo.png","contentUrl":"https:\/\/befare.eu\/wp-content\/uploads\/2020\/05\/befare-logo.png","width":300,"height":80,"caption":"Befare 1 s.r.o."},"image":{"@id":"https:\/\/befare.eu\/de\/#\/schema\/logo\/image\/"},"sameAs":["https:\/\/www.facebook.com\/STERILLIGHT-101944348437357"]}]}},"_links":{"self":[{"href":"https:\/\/befare.eu\/en\/wp-json\/wp\/v2\/product\/4681"}],"collection":[{"href":"https:\/\/befare.eu\/en\/wp-json\/wp\/v2\/product"}],"about":[{"href":"https:\/\/befare.eu\/en\/wp-json\/wp\/v2\/types\/product"}],"wp:featuredmedia":[{"embeddable":true,"href":"https:\/\/befare.eu\/en\/wp-json\/wp\/v2\/media\/4366"}],"wp:attachment":[{"href":"https:\/\/befare.eu\/en\/wp-json\/wp\/v2\/media?parent=4681"}],"wp:term":[{"taxonomy":"product_cat","embeddable":true,"href":"https:\/\/befare.eu\/en\/wp-json\/wp\/v2\/product_cat?post=4681"},{"taxonomy":"product_tag","embeddable":true,"href":"https:\/\/befare.eu\/en\/wp-json\/wp\/v2\/product_tag?post=4681"}],"curies":[{"name":"wp","href":"https:\/\/api.w.org\/{rel}","templated":true}]}}