{"id":4479,"date":"2020-11-21T09:25:50","date_gmt":"2020-11-21T08:25:50","guid":{"rendered":"https:\/\/befare.eu\/my-account\/"},"modified":"2021-03-21T11:41:24","modified_gmt":"2021-03-21T10:41:24","slug":"my-account","status":"publish","type":"page","link":"https:\/\/befare.eu\/en\/my-account\/","title":{"rendered":"My account"},"content":{"rendered":"<div class=\"woocommerce\"><\/div>\n","protected":false},"excerpt":{"rendered":"","protected":false},"author":1,"featured_media":0,"parent":0,"menu_order":0,"comment_status":"closed","ping_status":"closed","template":"","meta":[],"yoast_head":"<!-- This site is optimized with the Yoast SEO plugin v20.0 - https:\/\/yoast.com\/wordpress\/plugins\/seo\/ -->\n<title>STERILLIGHT Air &raquo; Steriliz\u00e1tor vzduchu &raquo; Ochrana pred COVID-19<\/title>\n<meta name=\"description\" content=\"Novinka! Steriliz\u00e1cia vzduchu! STERILLIGHT Air \u27a1 r\u00fdchla a \u00fa\u010dinn\u00e1 dezinfekcia V\u00e1\u0161ho prostredia \ud83e\udda0 Pre bezpe\u010dnos\u0165 V\u00e1\u0161ho pracoviska a domova\u2757\ufe0f\" \/>\n<meta name=\"robots\" content=\"index, follow, max-snippet:-1, max-image-preview:large, max-video-preview:-1\" \/>\n<link rel=\"canonical\" href=\"https:\/\/befare.eu\/en\/my-account\/\" \/>\n<meta property=\"og:locale\" content=\"en_US\" \/>\n<meta property=\"og:type\" content=\"article\" \/>\n<meta property=\"og:title\" content=\"STERILLIGHT Air &raquo; Steriliz\u00e1tor vzduchu &raquo; Ochrana pred COVID-19\" \/>\n<meta property=\"og:description\" content=\"Novinka! Steriliz\u00e1cia vzduchu! STERILLIGHT Air \u27a1 r\u00fdchla a \u00fa\u010dinn\u00e1 dezinfekcia V\u00e1\u0161ho prostredia \ud83e\udda0 Pre bezpe\u010dnos\u0165 V\u00e1\u0161ho pracoviska a domova\u2757\ufe0f\" \/>\n<meta property=\"og:url\" content=\"https:\/\/befare.eu\/en\/my-account\/\" \/>\n<meta property=\"og:site_name\" content=\"BEFARE 1 s.r.o.\" \/>\n<meta property=\"article:publisher\" content=\"https:\/\/www.facebook.com\/STERILLIGHT-101944348437357\" \/>\n<meta property=\"article:modified_time\" content=\"2021-03-21T10:41:24+00:00\" \/>\n<meta property=\"og:image\" content=\"https:\/\/befare.eu\/wp-content\/uploads\/2021\/01\/blue-sterillight-befare.jpg\" \/>\n\t<meta property=\"og:image:width\" content=\"990\" \/>\n\t<meta property=\"og:image:height\" content=\"990\" \/>\n\t<meta property=\"og:image:type\" content=\"image\/jpeg\" \/>\n<meta name=\"twitter:card\" content=\"summary_large_image\" \/>\n<script type=\"application\/ld+json\" class=\"yoast-schema-graph\">{\"@context\":\"https:\/\/schema.org\",\"@graph\":[{\"@type\":\"WebPage\",\"@id\":\"https:\/\/befare.eu\/en\/my-account\/\",\"url\":\"https:\/\/befare.eu\/en\/my-account\/\",\"name\":\"STERILLIGHT Air &raquo; Steriliz\u00e1tor vzduchu &raquo; Ochrana pred COVID-19\",\"isPartOf\":{\"@id\":\"https:\/\/befare.eu\/de\/#website\"},\"datePublished\":\"2020-11-21T08:25:50+00:00\",\"dateModified\":\"2021-03-21T10:41:24+00:00\",\"description\":\"Novinka! Steriliz\u00e1cia vzduchu! STERILLIGHT Air \u27a1 r\u00fdchla a \u00fa\u010dinn\u00e1 dezinfekcia V\u00e1\u0161ho prostredia \ud83e\udda0 Pre bezpe\u010dnos\u0165 V\u00e1\u0161ho pracoviska a domova\u2757\ufe0f\",\"breadcrumb\":{\"@id\":\"https:\/\/befare.eu\/en\/my-account\/#breadcrumb\"},\"inLanguage\":\"en-US\",\"potentialAction\":[{\"@type\":\"ReadAction\",\"target\":[\"https:\/\/befare.eu\/en\/my-account\/\"]}]},{\"@type\":\"BreadcrumbList\",\"@id\":\"https:\/\/befare.eu\/en\/my-account\/#breadcrumb\",\"itemListElement\":[{\"@type\":\"ListItem\",\"position\":1,\"name\":\"Domovsk\u00e1 str\u00e1nka\",\"item\":\"https:\/\/befare.eu\/en\/\"},{\"@type\":\"ListItem\",\"position\":2,\"name\":\"My account\"}]},{\"@type\":\"WebSite\",\"@id\":\"https:\/\/befare.eu\/de\/#website\",\"url\":\"https:\/\/befare.eu\/de\/\",\"name\":\"BEFARE 1 s.r.o.\",\"description\":\"\",\"publisher\":{\"@id\":\"https:\/\/befare.eu\/de\/#organization\"},\"potentialAction\":[{\"@type\":\"SearchAction\",\"target\":{\"@type\":\"EntryPoint\",\"urlTemplate\":\"https:\/\/befare.eu\/de\/?s={search_term_string}\"},\"query-input\":\"required name=search_term_string\"}],\"inLanguage\":\"en-US\"},{\"@type\":\"Organization\",\"@id\":\"https:\/\/befare.eu\/de\/#organization\",\"name\":\"Befare 1 s.r.o.\",\"url\":\"https:\/\/befare.eu\/de\/\",\"logo\":{\"@type\":\"ImageObject\",\"inLanguage\":\"en-US\",\"@id\":\"https:\/\/befare.eu\/de\/#\/schema\/logo\/image\/\",\"url\":\"https:\/\/befare.eu\/wp-content\/uploads\/2020\/05\/befare-logo.png\",\"contentUrl\":\"https:\/\/befare.eu\/wp-content\/uploads\/2020\/05\/befare-logo.png\",\"width\":300,\"height\":80,\"caption\":\"Befare 1 s.r.o.\"},\"image\":{\"@id\":\"https:\/\/befare.eu\/de\/#\/schema\/logo\/image\/\"},\"sameAs\":[\"https:\/\/www.facebook.com\/STERILLIGHT-101944348437357\"]}]}<\/script>\n<!-- \/ Yoast SEO plugin. -->","yoast_head_json":{"title":"STERILLIGHT Air &raquo; Steriliz\u00e1tor vzduchu &raquo; Ochrana pred COVID-19","description":"Novinka! Steriliz\u00e1cia vzduchu! STERILLIGHT Air \u27a1 r\u00fdchla a \u00fa\u010dinn\u00e1 dezinfekcia V\u00e1\u0161ho prostredia \ud83e\udda0 Pre bezpe\u010dnos\u0165 V\u00e1\u0161ho pracoviska a domova\u2757\ufe0f","robots":{"index":"index","follow":"follow","max-snippet":"max-snippet:-1","max-image-preview":"max-image-preview:large","max-video-preview":"max-video-preview:-1"},"canonical":"https:\/\/befare.eu\/en\/my-account\/","og_locale":"en_US","og_type":"article","og_title":"STERILLIGHT Air &raquo; Steriliz\u00e1tor vzduchu &raquo; Ochrana pred COVID-19","og_description":"Novinka! Steriliz\u00e1cia vzduchu! STERILLIGHT Air \u27a1 r\u00fdchla a \u00fa\u010dinn\u00e1 dezinfekcia V\u00e1\u0161ho prostredia \ud83e\udda0 Pre bezpe\u010dnos\u0165 V\u00e1\u0161ho pracoviska a domova\u2757\ufe0f","og_url":"https:\/\/befare.eu\/en\/my-account\/","og_site_name":"BEFARE 1 s.r.o.","article_publisher":"https:\/\/www.facebook.com\/STERILLIGHT-101944348437357","article_modified_time":"2021-03-21T10:41:24+00:00","og_image":[{"width":990,"height":990,"url":"https:\/\/befare.eu\/wp-content\/uploads\/2021\/01\/blue-sterillight-befare.jpg","type":"image\/jpeg"}],"twitter_card":"summary_large_image","schema":{"@context":"https:\/\/schema.org","@graph":[{"@type":"WebPage","@id":"https:\/\/befare.eu\/en\/my-account\/","url":"https:\/\/befare.eu\/en\/my-account\/","name":"STERILLIGHT Air &raquo; Steriliz\u00e1tor vzduchu &raquo; Ochrana pred COVID-19","isPartOf":{"@id":"https:\/\/befare.eu\/de\/#website"},"datePublished":"2020-11-21T08:25:50+00:00","dateModified":"2021-03-21T10:41:24+00:00","description":"Novinka! Steriliz\u00e1cia vzduchu! STERILLIGHT Air \u27a1 r\u00fdchla a \u00fa\u010dinn\u00e1 dezinfekcia V\u00e1\u0161ho prostredia \ud83e\udda0 Pre bezpe\u010dnos\u0165 V\u00e1\u0161ho pracoviska a domova\u2757\ufe0f","breadcrumb":{"@id":"https:\/\/befare.eu\/en\/my-account\/#breadcrumb"},"inLanguage":"en-US","potentialAction":[{"@type":"ReadAction","target":["https:\/\/befare.eu\/en\/my-account\/"]}]},{"@type":"BreadcrumbList","@id":"https:\/\/befare.eu\/en\/my-account\/#breadcrumb","itemListElement":[{"@type":"ListItem","position":1,"name":"Domovsk\u00e1 str\u00e1nka","item":"https:\/\/befare.eu\/en\/"},{"@type":"ListItem","position":2,"name":"My account"}]},{"@type":"WebSite","@id":"https:\/\/befare.eu\/de\/#website","url":"https:\/\/befare.eu\/de\/","name":"BEFARE 1 s.r.o.","description":"","publisher":{"@id":"https:\/\/befare.eu\/de\/#organization"},"potentialAction":[{"@type":"SearchAction","target":{"@type":"EntryPoint","urlTemplate":"https:\/\/befare.eu\/de\/?s={search_term_string}"},"query-input":"required name=search_term_string"}],"inLanguage":"en-US"},{"@type":"Organization","@id":"https:\/\/befare.eu\/de\/#organization","name":"Befare 1 s.r.o.","url":"https:\/\/befare.eu\/de\/","logo":{"@type":"ImageObject","inLanguage":"en-US","@id":"https:\/\/befare.eu\/de\/#\/schema\/logo\/image\/","url":"https:\/\/befare.eu\/wp-content\/uploads\/2020\/05\/befare-logo.png","contentUrl":"https:\/\/befare.eu\/wp-content\/uploads\/2020\/05\/befare-logo.png","width":300,"height":80,"caption":"Befare 1 s.r.o."},"image":{"@id":"https:\/\/befare.eu\/de\/#\/schema\/logo\/image\/"},"sameAs":["https:\/\/www.facebook.com\/STERILLIGHT-101944348437357"]}]}},"_links":{"self":[{"href":"https:\/\/befare.eu\/en\/wp-json\/wp\/v2\/pages\/4479"}],"collection":[{"href":"https:\/\/befare.eu\/en\/wp-json\/wp\/v2\/pages"}],"about":[{"href":"https:\/\/befare.eu\/en\/wp-json\/wp\/v2\/types\/page"}],"author":[{"embeddable":true,"href":"https:\/\/befare.eu\/en\/wp-json\/wp\/v2\/users\/1"}],"replies":[{"embeddable":true,"href":"https:\/\/befare.eu\/en\/wp-json\/wp\/v2\/comments?post=4479"}],"version-history":[{"count":0,"href":"https:\/\/befare.eu\/en\/wp-json\/wp\/v2\/pages\/4479\/revisions"}],"wp:attachment":[{"href":"https:\/\/befare.eu\/en\/wp-json\/wp\/v2\/media?parent=4479"}],"curies":[{"name":"wp","href":"https:\/\/api.w.org\/{rel}","templated":true}]}}