{"id":4373,"date":"2020-05-14T12:05:12","date_gmt":"2020-05-14T10:05:12","guid":{"rendered":"https:\/\/befare.eu\/obchod\/luftsterilisator-sterillight-air-g1-15w\/"},"modified":"2021-02-22T22:43:50","modified_gmt":"2021-02-22T21:43:50","slug":"luftsterilisator-sterillight-air-g1-15w","status":"publish","type":"product","link":"https:\/\/befare.eu\/de\/e-shop\/luftsterilisator-sterillight-air-g1-15w\/","title":{"rendered":"Luftsterilisator STERILLIGHT Air G1 15W"},"content":{"rendered":"<p><div class=\"fusion-fullwidth fullwidth-box fusion-builder-row-1 fusion-flex-container nonhundred-percent-fullwidth non-hundred-percent-height-scrolling\" style=\"background-color: rgba(255,255,255,0);background-position: center center;background-repeat: no-repeat;border-width: 0px 0px 0px 0px;border-color:#eae9e9;border-style:solid;\" ><div class=\"fusion-builder-row fusion-row fusion-flex-align-items-flex-start\" style=\"max-width:calc( 1300px + 0px );margin-left: calc(-0px \/ 2 );margin-right: calc(-0px \/ 2 );\"><div class=\"fusion-layout-column fusion_builder_column fusion-builder-column-0 fusion_builder_column_1_1 1_1 fusion-flex-column\"><div class=\"fusion-column-wrapper fusion-flex-justify-content-flex-start fusion-content-layout-column\" style=\"background-position:left top;background-repeat:no-repeat;-webkit-background-size:cover;-moz-background-size:cover;-o-background-size:cover;background-size:cover;padding: 0px 0px 0px 0px;\"><div class=\"fusion-text fusion-text-1\"><h3>Luftsterilisator: Germizide Leuchte &#8211; beseitigt Viren, Bakterien und Pilze durch ultraviolette UV-C Strahlung!<\/h3>\n<h5><strong><span class=\"JLqJ4b\" data-language-for-alternatives=\"de\" data-language-to-translate-into=\"auto\" data-phrase-index=\"1\"><span class=\"JLqJ4b ChMk0b\" data-language-for-alternatives=\"de\" data-language-to-translate-into=\"auto\" data-phrase-index=\"2\">Die Sterilisation von Luft und Oberfl\u00e4chen mit UV-C Licht wird seit Jahrzehnten im Gesundheitswesen eingesetzt!<\/span><\/span><\/strong><\/h5>\n<\/div><div class=\"fusion-text fusion-text-2\"><p><span class=\"JLqJ4b\" data-language-for-alternatives=\"de\" data-language-to-translate-into=\"auto\" data-phrase-index=\"1\">ANWENDUNG<\/span><\/p>\n<p><span class=\"JLqJ4b\" data-language-for-alternatives=\"de\" data-language-to-translate-into=\"auto\" data-phrase-index=\"1\"><span class=\"JLqJ4b ChMk0b\" data-language-for-alternatives=\"de\" data-language-to-translate-into=\"auto\" data-phrase-index=\"2\">Haushalte, administrative R\u00e4ume, Gesundheitswesen, Schulen, Handel, Hotels &#8230; <\/span><\/span><\/p>\n<p><span class=\"JLqJ4b\" data-language-for-alternatives=\"de\" data-language-to-translate-into=\"auto\" data-phrase-index=\"1\"><span class=\"JLqJ4b ChMk0b\" data-language-for-alternatives=\"de\" data-language-to-translate-into=\"auto\" data-phrase-index=\"2\">VORTEILE<\/span><\/span><\/p>\n<ul>\n<li><span class=\"JLqJ4b\" data-language-for-alternatives=\"de\" data-language-to-translate-into=\"auto\" data-phrase-index=\"1\"><span class=\"JLqJ4b ChMk0b\" data-language-for-alternatives=\"de\" data-language-to-translate-into=\"auto\" data-phrase-index=\"2\">Luftsterilisation in Gegenwart von Menschen m\u00f6glich<\/span><\/span><\/li>\n<li><span class=\"JLqJ4b\" data-language-for-alternatives=\"de\" data-language-to-translate-into=\"auto\" data-phrase-index=\"1\"><span class=\"JLqJ4b ChMk0b\" data-language-for-alternatives=\"de\" data-language-to-translate-into=\"auto\" data-phrase-index=\"2\">Studien und Tests belegen: Germizide (keimt\u00f6tende) Lampe und UV-C-Licht t\u00f6ten bis zu 99,9% der Viren und anderer pathogener Organismen ab <\/span><\/span><\/li>\n<li><span class=\"JLqJ4b\" data-language-for-alternatives=\"de\" data-language-to-translate-into=\"auto\" data-phrase-index=\"1\"><span class=\"JLqJ4b ChMk0b\" data-language-for-alternatives=\"de\" data-language-to-translate-into=\"auto\" data-phrase-index=\"2\">vernichtet Grippevirus, SARS-CoV-2 COVID-Virus und andere Bakterien und Pilze in der Luft <\/span><\/span><\/li>\n<li><span class=\"JLqJ4b\" data-language-for-alternatives=\"de\" data-language-to-translate-into=\"auto\" data-phrase-index=\"1\"><span class=\"JLqJ4b ChMk0b\" data-language-for-alternatives=\"de\" data-language-to-translate-into=\"auto\" data-phrase-index=\"2\">Luftsterilisation ohne gef\u00e4hrliche Ozon Gase, die Viren werden in einer geschlossenen Kammer abget\u00f6tet <\/span><\/span><\/li>\n<li><span class=\"JLqJ4b\" data-language-for-alternatives=\"de\" data-language-to-translate-into=\"auto\" data-phrase-index=\"1\"><span class=\"JLqJ4b ChMk0b\" data-language-for-alternatives=\"de\" data-language-to-translate-into=\"auto\" data-phrase-index=\"2\">leiser Betrieb, das Ger\u00e4t ist f\u00fcr Ihr B\u00fcro und Ihr Zuhause geeignet<\/span><\/span><\/li>\n<li><span class=\"JLqJ4b\" data-language-for-alternatives=\"de\" data-language-to-translate-into=\"auto\" data-phrase-index=\"1\"><span class=\"JLqJ4b ChMk0b\" data-language-for-alternatives=\"de\" data-language-to-translate-into=\"auto\" data-phrase-index=\"2\"> Installation an verschiedenen Orten m\u00f6glich (an der Wand, an der Decke, auf einem mobilen St\u00e4nder oder auf M\u00f6beln)<\/span><\/span><\/li>\n<\/ul>\n<\/div><\/div><style type=\"text\/css\">.fusion-body .fusion-builder-column-0{width:100% !important;margin-top : 0px;margin-bottom : 0px;}.fusion-builder-column-0 > .fusion-column-wrapper {padding-top : 0px !important;padding-right : 0px !important;margin-right : 0px;padding-bottom : 0px !important;padding-left : 0px !important;margin-left : 0px;}@media only screen and (max-width:1024px) {.fusion-body .fusion-builder-column-0{width:100% !important;}.fusion-builder-column-0 > .fusion-column-wrapper {margin-right : 0px;margin-left : 0px;}}@media only screen and (max-width:768px) {.fusion-body .fusion-builder-column-0{width:100% !important;}.fusion-builder-column-0 > .fusion-column-wrapper {margin-right : 0px;margin-left : 0px;}}<\/style><\/div><\/div><style type=\"text\/css\">.fusion-body .fusion-flex-container.fusion-builder-row-1{ padding-top : 0px;margin-top : 0px;padding-right : 0px;padding-bottom : 30px;margin-bottom : 0px;padding-left : 0px;}<\/style><\/div>\n<div class=\"fusion-fullwidth fullwidth-box fusion-builder-row-2 fusion-flex-container nonhundred-percent-fullwidth non-hundred-percent-height-scrolling\" style=\"background-color: rgba(255,255,255,0);background-position: center center;background-repeat: no-repeat;border-width: 0px 0px 0px 0px;border-color:#eae9e9;border-style:solid;\" ><div class=\"fusion-builder-row fusion-row fusion-flex-align-items-flex-start\" style=\"max-width:1352px;margin-left: calc(-4% \/ 2 );margin-right: calc(-4% \/ 2 );\"><div class=\"fusion-layout-column fusion_builder_column fusion-builder-column-1 fusion_builder_column_1_1 1_1 fusion-flex-column\"><div class=\"fusion-column-wrapper fusion-flex-justify-content-flex-start fusion-content-layout-column\" style=\"background-position:left top;background-repeat:no-repeat;-webkit-background-size:cover;-moz-background-size:cover;-o-background-size:cover;background-size:cover;padding: 0px 0px 0px 0px;\">\n<div class=\"table-2\">\n<table width=\"100%\">\n<thead>\n<tr>\n<th align=\"left\"><strong>Luftsterilisator STERILLIGHT Air &#8211; technische Daten<\/strong><\/th>\n<th align=\"left\"><\/th>\n<\/tr>\n<\/thead>\n<tbody>\n<tr>\n<td align=\"left\">\n<div class=\"table-2\">\n<div class=\"table-2\">\n<div class=\"table-2\">\n<div class=\"table-2\">\n<div class=\"table-2\">\n<div class=\"table-2\">\n<div class=\"table-2\">Material<\/div>\n<\/div>\n<\/div>\n<\/div>\n<\/div>\n<\/div>\n<\/div>\n<\/td>\n<td align=\"left\">\n<div class=\"table-2\">\n<div class=\"table-2\">\n<div class=\"table-2\">\n<div class=\"table-2\">\n<div class=\"table-2\">\n<div class=\"table-2\">\n<div class=\"table-2\">Aluprofil<\/div>\n<\/div>\n<\/div>\n<\/div>\n<\/div>\n<\/div>\n<\/div>\n<\/td>\n<\/tr>\n<tr>\n<td align=\"left\">\n<div class=\"table-2\">\n<div class=\"table-2\">\n<div class=\"table-2\">PULVERBESCHICHTUNG<\/div>\n<\/div>\n<\/div>\n<\/td>\n<td align=\"left\">\n<div class=\"table-2\">\n<div class=\"table-2\">\n<div class=\"table-2\">RAL 9003<\/div>\n<\/div>\n<\/div>\n<\/td>\n<\/tr>\n<tr>\n<td align=\"left\">\n<div class=\"table-2\">\n<div class=\"table-2\">\n<div class=\"table-2\">SPANNUNG<\/div>\n<\/div>\n<\/div>\n<\/td>\n<td align=\"left\">\n<div class=\"table-2\">\n<div class=\"table-2\">\n<div class=\"table-2\">230 V \/ 50 Hz<\/div>\n<\/div>\n<\/div>\n<\/td>\n<\/tr>\n<tr>\n<td align=\"left\">\n<div class=\"table-2\">\n<div class=\"table-2\">\n<div class=\"table-2\">SCHUTZ<\/div>\n<\/div>\n<\/div>\n<\/td>\n<td align=\"left\">\n<div class=\"table-2\">\n<div class=\"table-2\">\n<div class=\"table-2\">IP20<\/div>\n<\/div>\n<\/div>\n<\/td>\n<\/tr>\n<tr>\n<td align=\"left\">\n<div class=\"table-2\">\n<div class=\"table-2\">\n<div class=\"table-2\">MINIMALE BETRIEBSDAUER<\/div>\n<\/div>\n<\/div>\n<\/td>\n<td align=\"left\">\n<div class=\"table-2\">\n<div class=\"table-2\">\n<div class=\"table-2\">\n<div class=\"table-2\">60000 Stunden<\/div>\n<\/div>\n<\/div>\n<\/div>\n<\/td>\n<\/tr>\n<tr>\n<td align=\"left\">MASSE<\/td>\n<td align=\"left\">744 x 220 x 88 mm<\/td>\n<\/tr>\n<tr>\n<td align=\"left\">DURCHLAUFSVOLUMEN<\/td>\n<td align=\"left\">20 m3 \/ h<\/td>\n<\/tr>\n<tr>\n<td align=\"left\">LEISTUNG<\/td>\n<td align=\"left\">19 W<\/td>\n<\/tr>\n<tr>\n<td align=\"left\">QUELLE DER UV-C STRAHLUNG<\/td>\n<td align=\"left\">1 x 15 W<\/td>\n<\/tr>\n<tr>\n<td align=\"left\">GEWICHT<\/td>\n<td align=\"left\">5,3 kg<\/td>\n<\/tr>\n<tr>\n<td align=\"left\">GARANTIE<\/td>\n<td align=\"left\">24 Monate<\/td>\n<\/tr>\n<\/tbody>\n<\/table>\n<\/div>\n<\/div><style type=\"text\/css\">.fusion-body .fusion-builder-column-1{width:100% !important;margin-top : 0px;margin-bottom : 20px;}.fusion-builder-column-1 > .fusion-column-wrapper {padding-top : 0px !important;padding-right : 0px !important;margin-right : 1.92%;padding-bottom : 0px !important;padding-left : 0px !important;margin-left : 1.92%;}@media only screen and (max-width:1024px) {.fusion-body .fusion-builder-column-1{width:100% !important;order : 0;}.fusion-builder-column-1 > .fusion-column-wrapper {margin-right : 1.92%;margin-left : 1.92%;}}@media only screen and (max-width:768px) {.fusion-body .fusion-builder-column-1{width:100% !important;order : 0;}.fusion-builder-column-1 > .fusion-column-wrapper {margin-right : 1.92%;margin-left : 1.92%;}}<\/style><\/div><\/div><style type=\"text\/css\">.fusion-body .fusion-flex-container.fusion-builder-row-2{ padding-top : 0px;margin-top : 0px;padding-right : 0px;padding-bottom : 0px;margin-bottom : 0px;padding-left : 0px;}<\/style><\/div><\/p>\n","protected":false},"excerpt":{"rendered":"<h5>Luftsterilisator &#8211; f\u00fcr R\u00e4ume bis zu\u00a025m\u00b2<\/h5>\n","protected":false},"featured_media":3659,"template":"","meta":[],"product_cat":[182],"product_tag":[],"yoast_head":"<!-- This site is optimized with the Yoast SEO plugin v20.0 - https:\/\/yoast.com\/wordpress\/plugins\/seo\/ -->\n<title>Luftsterilisator STERILLIGHT Air G1 15W &raquo; UV-C Luftsterilisator<\/title>\n<meta name=\"description\" content=\"Neu! Luftsterilisator STERILLIGHT Air \u2013 T\u00f6tet 99,9% der Viren und Bakterien \u2013 F\u00fcr sichere und keimfreie R\u00e4ume \u2757\" \/>\n<meta name=\"robots\" content=\"index, follow, max-snippet:-1, max-image-preview:large, max-video-preview:-1\" \/>\n<link rel=\"canonical\" href=\"https:\/\/befare.eu\/de\/e-shop\/luftsterilisator-sterillight-air-g1-15w\/\" \/>\n<meta property=\"og:locale\" content=\"de_DE\" \/>\n<meta property=\"og:type\" content=\"article\" \/>\n<meta property=\"og:title\" content=\"Luftsterilisator STERILLIGHT Air G1 15W &raquo; UV-C Luftsterilisator\" \/>\n<meta property=\"og:description\" content=\"Neu! Luftsterilisator STERILLIGHT Air \u2013 T\u00f6tet 99,9% der Viren und Bakterien \u2013 F\u00fcr sichere und keimfreie R\u00e4ume \u2757\" \/>\n<meta property=\"og:url\" content=\"https:\/\/befare.eu\/de\/e-shop\/luftsterilisator-sterillight-air-g1-15w\/\" \/>\n<meta property=\"og:site_name\" content=\"BEFARE 1 s.r.o.\" \/>\n<meta property=\"article:publisher\" content=\"https:\/\/www.facebook.com\/STERILLIGHT-101944348437357\" \/>\n<meta property=\"article:modified_time\" content=\"2021-02-22T21:43:50+00:00\" \/>\n<meta property=\"og:image\" content=\"https:\/\/befare.eu\/wp-content\/uploads\/2020\/12\/Sterillight-Air-G1-1200.jpg\" \/>\n\t<meta property=\"og:image:width\" content=\"1200\" \/>\n\t<meta property=\"og:image:height\" content=\"1200\" \/>\n\t<meta property=\"og:image:type\" content=\"image\/jpeg\" \/>\n<meta name=\"twitter:card\" content=\"summary_large_image\" \/>\n<meta name=\"twitter:label1\" content=\"Gesch\u00e4tzte Lesezeit\" \/>\n\t<meta name=\"twitter:data1\" content=\"2\u00a0Minuten\" \/>\n<script type=\"application\/ld+json\" class=\"yoast-schema-graph\">{\"@context\":\"https:\/\/schema.org\",\"@graph\":[{\"@type\":\"WebPage\",\"@id\":\"https:\/\/befare.eu\/de\/e-shop\/luftsterilisator-sterillight-air-g1-15w\/\",\"url\":\"https:\/\/befare.eu\/de\/e-shop\/luftsterilisator-sterillight-air-g1-15w\/\",\"name\":\"Luftsterilisator STERILLIGHT Air G1 15W &raquo; UV-C Luftsterilisator\",\"isPartOf\":{\"@id\":\"https:\/\/befare.eu\/de\/#website\"},\"datePublished\":\"2020-05-14T10:05:12+00:00\",\"dateModified\":\"2021-02-22T21:43:50+00:00\",\"description\":\"Neu! Luftsterilisator STERILLIGHT Air \u2013 T\u00f6tet 99,9% der Viren und Bakterien \u2013 F\u00fcr sichere und keimfreie R\u00e4ume \u2757\",\"breadcrumb\":{\"@id\":\"https:\/\/befare.eu\/de\/e-shop\/luftsterilisator-sterillight-air-g1-15w\/#breadcrumb\"},\"inLanguage\":\"de\",\"potentialAction\":[{\"@type\":\"ReadAction\",\"target\":[\"https:\/\/befare.eu\/de\/e-shop\/luftsterilisator-sterillight-air-g1-15w\/\"]}]},{\"@type\":\"BreadcrumbList\",\"@id\":\"https:\/\/befare.eu\/de\/e-shop\/luftsterilisator-sterillight-air-g1-15w\/#breadcrumb\",\"itemListElement\":[{\"@type\":\"ListItem\",\"position\":1,\"name\":\"Domovsk\u00e1 str\u00e1nka\",\"item\":\"https:\/\/befare.eu\/de\/\"},{\"@type\":\"ListItem\",\"position\":2,\"name\":\"Produkte\",\"item\":\"https:\/\/befare.eu\/de\/shop\/\"},{\"@type\":\"ListItem\",\"position\":3,\"name\":\"Luftsterilisator STERILLIGHT Air G1 15W\"}]},{\"@type\":\"WebSite\",\"@id\":\"https:\/\/befare.eu\/de\/#website\",\"url\":\"https:\/\/befare.eu\/de\/\",\"name\":\"BEFARE 1 s.r.o.\",\"description\":\"\",\"publisher\":{\"@id\":\"https:\/\/befare.eu\/de\/#organization\"},\"potentialAction\":[{\"@type\":\"SearchAction\",\"target\":{\"@type\":\"EntryPoint\",\"urlTemplate\":\"https:\/\/befare.eu\/de\/?s={search_term_string}\"},\"query-input\":\"required name=search_term_string\"}],\"inLanguage\":\"de\"},{\"@type\":\"Organization\",\"@id\":\"https:\/\/befare.eu\/de\/#organization\",\"name\":\"Befare 1 s.r.o.\",\"url\":\"https:\/\/befare.eu\/de\/\",\"logo\":{\"@type\":\"ImageObject\",\"inLanguage\":\"de\",\"@id\":\"https:\/\/befare.eu\/de\/#\/schema\/logo\/image\/\",\"url\":\"https:\/\/befare.eu\/wp-content\/uploads\/2020\/05\/befare-logo.png\",\"contentUrl\":\"https:\/\/befare.eu\/wp-content\/uploads\/2020\/05\/befare-logo.png\",\"width\":300,\"height\":80,\"caption\":\"Befare 1 s.r.o.\"},\"image\":{\"@id\":\"https:\/\/befare.eu\/de\/#\/schema\/logo\/image\/\"},\"sameAs\":[\"https:\/\/www.facebook.com\/STERILLIGHT-101944348437357\"]}]}<\/script>\n<!-- \/ Yoast SEO plugin. -->","yoast_head_json":{"title":"Luftsterilisator STERILLIGHT Air G1 15W &raquo; UV-C Luftsterilisator","description":"Neu! Luftsterilisator STERILLIGHT Air \u2013 T\u00f6tet 99,9% der Viren und Bakterien \u2013 F\u00fcr sichere und keimfreie R\u00e4ume \u2757","robots":{"index":"index","follow":"follow","max-snippet":"max-snippet:-1","max-image-preview":"max-image-preview:large","max-video-preview":"max-video-preview:-1"},"canonical":"https:\/\/befare.eu\/de\/e-shop\/luftsterilisator-sterillight-air-g1-15w\/","og_locale":"de_DE","og_type":"article","og_title":"Luftsterilisator STERILLIGHT Air G1 15W &raquo; UV-C Luftsterilisator","og_description":"Neu! Luftsterilisator STERILLIGHT Air \u2013 T\u00f6tet 99,9% der Viren und Bakterien \u2013 F\u00fcr sichere und keimfreie R\u00e4ume \u2757","og_url":"https:\/\/befare.eu\/de\/e-shop\/luftsterilisator-sterillight-air-g1-15w\/","og_site_name":"BEFARE 1 s.r.o.","article_publisher":"https:\/\/www.facebook.com\/STERILLIGHT-101944348437357","article_modified_time":"2021-02-22T21:43:50+00:00","og_image":[{"width":1200,"height":1200,"url":"https:\/\/befare.eu\/wp-content\/uploads\/2020\/12\/Sterillight-Air-G1-1200.jpg","type":"image\/jpeg"}],"twitter_card":"summary_large_image","twitter_misc":{"Gesch\u00e4tzte Lesezeit":"2\u00a0Minuten"},"schema":{"@context":"https:\/\/schema.org","@graph":[{"@type":"WebPage","@id":"https:\/\/befare.eu\/de\/e-shop\/luftsterilisator-sterillight-air-g1-15w\/","url":"https:\/\/befare.eu\/de\/e-shop\/luftsterilisator-sterillight-air-g1-15w\/","name":"Luftsterilisator STERILLIGHT Air G1 15W &raquo; UV-C Luftsterilisator","isPartOf":{"@id":"https:\/\/befare.eu\/de\/#website"},"datePublished":"2020-05-14T10:05:12+00:00","dateModified":"2021-02-22T21:43:50+00:00","description":"Neu! Luftsterilisator STERILLIGHT Air \u2013 T\u00f6tet 99,9% der Viren und Bakterien \u2013 F\u00fcr sichere und keimfreie R\u00e4ume \u2757","breadcrumb":{"@id":"https:\/\/befare.eu\/de\/e-shop\/luftsterilisator-sterillight-air-g1-15w\/#breadcrumb"},"inLanguage":"de","potentialAction":[{"@type":"ReadAction","target":["https:\/\/befare.eu\/de\/e-shop\/luftsterilisator-sterillight-air-g1-15w\/"]}]},{"@type":"BreadcrumbList","@id":"https:\/\/befare.eu\/de\/e-shop\/luftsterilisator-sterillight-air-g1-15w\/#breadcrumb","itemListElement":[{"@type":"ListItem","position":1,"name":"Domovsk\u00e1 str\u00e1nka","item":"https:\/\/befare.eu\/de\/"},{"@type":"ListItem","position":2,"name":"Produkte","item":"https:\/\/befare.eu\/de\/shop\/"},{"@type":"ListItem","position":3,"name":"Luftsterilisator STERILLIGHT Air G1 15W"}]},{"@type":"WebSite","@id":"https:\/\/befare.eu\/de\/#website","url":"https:\/\/befare.eu\/de\/","name":"BEFARE 1 s.r.o.","description":"","publisher":{"@id":"https:\/\/befare.eu\/de\/#organization"},"potentialAction":[{"@type":"SearchAction","target":{"@type":"EntryPoint","urlTemplate":"https:\/\/befare.eu\/de\/?s={search_term_string}"},"query-input":"required name=search_term_string"}],"inLanguage":"de"},{"@type":"Organization","@id":"https:\/\/befare.eu\/de\/#organization","name":"Befare 1 s.r.o.","url":"https:\/\/befare.eu\/de\/","logo":{"@type":"ImageObject","inLanguage":"de","@id":"https:\/\/befare.eu\/de\/#\/schema\/logo\/image\/","url":"https:\/\/befare.eu\/wp-content\/uploads\/2020\/05\/befare-logo.png","contentUrl":"https:\/\/befare.eu\/wp-content\/uploads\/2020\/05\/befare-logo.png","width":300,"height":80,"caption":"Befare 1 s.r.o."},"image":{"@id":"https:\/\/befare.eu\/de\/#\/schema\/logo\/image\/"},"sameAs":["https:\/\/www.facebook.com\/STERILLIGHT-101944348437357"]}]}},"_links":{"self":[{"href":"https:\/\/befare.eu\/de\/wp-json\/wp\/v2\/product\/4373"}],"collection":[{"href":"https:\/\/befare.eu\/de\/wp-json\/wp\/v2\/product"}],"about":[{"href":"https:\/\/befare.eu\/de\/wp-json\/wp\/v2\/types\/product"}],"wp:featuredmedia":[{"embeddable":true,"href":"https:\/\/befare.eu\/de\/wp-json\/wp\/v2\/media\/3659"}],"wp:attachment":[{"href":"https:\/\/befare.eu\/de\/wp-json\/wp\/v2\/media?parent=4373"}],"wp:term":[{"taxonomy":"product_cat","embeddable":true,"href":"https:\/\/befare.eu\/de\/wp-json\/wp\/v2\/product_cat?post=4373"},{"taxonomy":"product_tag","embeddable":true,"href":"https:\/\/befare.eu\/de\/wp-json\/wp\/v2\/product_tag?post=4373"}],"curies":[{"name":"wp","href":"https:\/\/api.w.org\/{rel}","templated":true}]}}