{"id":4358,"date":"2020-12-14T08:25:18","date_gmt":"2020-12-14T07:25:18","guid":{"rendered":"https:\/\/befare.eu\/obchod\/sterillight-mobelstander\/"},"modified":"2021-02-22T00:48:03","modified_gmt":"2021-02-21T23:48:03","slug":"sterillight-mobelstander","status":"publish","type":"product","link":"https:\/\/befare.eu\/de\/e-shop\/sterillight-mobelstander\/","title":{"rendered":"STERILLIGHT M\u00f6belst\u00e4nder"},"content":{"rendered":"<p><div class=\"fusion-fullwidth fullwidth-box fusion-builder-row-1 fusion-flex-container nonhundred-percent-fullwidth non-hundred-percent-height-scrolling\" style=\"background-color: rgba(255,255,255,0);background-position: center center;background-repeat: no-repeat;border-width: 0px 0px 0px 0px;border-color:#eae9e9;border-style:solid;\" ><div class=\"fusion-builder-row fusion-row fusion-flex-align-items-flex-start\" style=\"max-width:calc( 1300px + 0px );margin-left: calc(-0px \/ 2 );margin-right: calc(-0px \/ 2 );\"><div class=\"fusion-layout-column fusion_builder_column fusion-builder-column-0 fusion_builder_column_1_1 1_1 fusion-flex-column\"><div class=\"fusion-column-wrapper fusion-flex-justify-content-flex-start fusion-content-layout-column\" style=\"background-position:left top;background-repeat:no-repeat;-webkit-background-size:cover;-moz-background-size:cover;-o-background-size:cover;background-size:cover;padding: 0px 0px 0px 0px;\"><div class=\"fusion-text fusion-text-1\"><p>Fester St\u00e4nder zur Aufstellung auf ein M\u00f6belst\u00fcck.<\/p>\n<\/div><\/div><style type=\"text\/css\">.fusion-body .fusion-builder-column-0{width:100% !important;margin-top : 0px;margin-bottom : 0px;}.fusion-builder-column-0 > .fusion-column-wrapper {padding-top : 0px !important;padding-right : 0px !important;margin-right : 0px;padding-bottom : 0px !important;padding-left : 0px !important;margin-left : 0px;}@media only screen and (max-width:1024px) {.fusion-body .fusion-builder-column-0{width:100% !important;}.fusion-builder-column-0 > .fusion-column-wrapper {margin-right : 0px;margin-left : 0px;}}@media only screen and (max-width:768px) {.fusion-body .fusion-builder-column-0{width:100% !important;}.fusion-builder-column-0 > .fusion-column-wrapper {margin-right : 0px;margin-left : 0px;}}<\/style><\/div><\/div><style type=\"text\/css\">.fusion-body .fusion-flex-container.fusion-builder-row-1{ padding-top : 0px;margin-top : 0px;padding-right : 0px;padding-bottom : 30px;margin-bottom : 0px;padding-left : 0px;}<\/style><\/div><div class=\"fusion-fullwidth fullwidth-box fusion-builder-row-2 fusion-flex-container nonhundred-percent-fullwidth non-hundred-percent-height-scrolling\" style=\"background-color: rgba(255,255,255,0);background-position: center center;background-repeat: no-repeat;border-width: 0px 0px 0px 0px;border-color:#eae9e9;border-style:solid;\" ><div class=\"fusion-builder-row fusion-row fusion-flex-align-items-flex-start\" style=\"max-width:1352px;margin-left: calc(-4% \/ 2 );margin-right: calc(-4% \/ 2 );\"><div class=\"fusion-layout-column fusion_builder_column fusion-builder-column-1 fusion_builder_column_1_1 1_1 fusion-flex-column\"><div class=\"fusion-column-wrapper fusion-flex-justify-content-flex-start fusion-content-layout-column\" style=\"background-position:left top;background-repeat:no-repeat;-webkit-background-size:cover;-moz-background-size:cover;-o-background-size:cover;background-size:cover;padding: 0px 0px 0px 0px;\">\n<div class=\"table-2\">\n<table width=\"100%\">\n<thead>\n<tr>\n<th align=\"left\"><strong>Technische Details<\/strong><\/th>\n<th align=\"left\"><\/th>\n<\/tr>\n<\/thead>\n<tbody>\n<tr>\n<td align=\"left\">\n<div class=\"table-2\">\n<div class=\"table-2\">\n<div class=\"table-2\">Material<\/div>\n<\/div>\n<\/div>\n<\/td>\n<td align=\"left\">\n<div class=\"table-2\">\n<div class=\"table-2\">\n<div class=\"table-2\">Stahl<\/div>\n<\/div>\n<\/div>\n<\/td>\n<\/tr>\n<tr>\n<td align=\"left\">\n<div class=\"table-2\">\n<div class=\"table-2\">\n<div class=\"table-2\">PULVERBESCHICHTUNG<\/div>\n<\/div>\n<\/div>\n<\/td>\n<td align=\"left\">\n<div class=\"table-2\">\n<div class=\"table-2\">\n<div class=\"table-2\">RAL 9003<\/div>\n<\/div>\n<\/div>\n<\/td>\n<\/tr>\n<tr>\n<td align=\"left\">\n<div class=\"table-2\">\n<div class=\"table-2\">\n<div class=\"table-2\">MASSE (L x B x H)<\/div>\n<\/div>\n<\/div>\n<\/td>\n<td align=\"left\">\n<div class=\"table-2\">\n<div class=\"table-2\">\n<div class=\"table-2\">150 x 124 mm<\/div>\n<\/div>\n<\/div>\n<\/td>\n<\/tr>\n<tr>\n<td align=\"left\">\n<div class=\"table-2\">\n<div class=\"table-2\">GEWICHT<\/div>\n<\/div>\n<\/td>\n<td align=\"left\">0,4 kg<\/td>\n<\/tr>\n<tr>\n<td align=\"left\">\n<div class=\"table-2\">\n<div class=\"table-2\">\n<div class=\"table-2\">GARANTIE<\/div>\n<\/div>\n<\/div>\n<\/td>\n<td align=\"left\">24 Monate<\/td>\n<\/tr>\n<\/tbody>\n<\/table>\n<\/div>\n<\/div><style type=\"text\/css\">.fusion-body .fusion-builder-column-1{width:100% !important;margin-top : 0px;margin-bottom : 20px;}.fusion-builder-column-1 > .fusion-column-wrapper {padding-top : 0px !important;padding-right : 0px !important;margin-right : 1.92%;padding-bottom : 0px !important;padding-left : 0px !important;margin-left : 1.92%;}@media only screen and (max-width:1024px) {.fusion-body .fusion-builder-column-1{width:100% !important;order : 0;}.fusion-builder-column-1 > .fusion-column-wrapper {margin-right : 1.92%;margin-left : 1.92%;}}@media only screen and (max-width:768px) {.fusion-body .fusion-builder-column-1{width:100% !important;order : 0;}.fusion-builder-column-1 > .fusion-column-wrapper {margin-right : 1.92%;margin-left : 1.92%;}}<\/style><\/div><\/div><style type=\"text\/css\">.fusion-body .fusion-flex-container.fusion-builder-row-2{ padding-top : 0px;margin-top : 0px;padding-right : 0px;padding-bottom : 0px;margin-bottom : 0px;padding-left : 0px;}<\/style><\/div><\/p>\n","protected":false},"excerpt":{"rendered":"","protected":false},"featured_media":3655,"template":"","meta":[],"product_cat":[181],"product_tag":[],"yoast_head":"<!-- This site is optimized with the Yoast SEO plugin v20.0 - https:\/\/yoast.com\/wordpress\/plugins\/seo\/ -->\n<title>STERILLIGHT M\u00f6belst\u00e4nder &raquo; BEFARE 1 s.r.o.<\/title>\n<meta name=\"robots\" content=\"index, follow, max-snippet:-1, max-image-preview:large, max-video-preview:-1\" \/>\n<link rel=\"canonical\" href=\"https:\/\/befare.eu\/de\/e-shop\/sterillight-mobelstander\/\" \/>\n<meta property=\"og:locale\" content=\"de_DE\" \/>\n<meta property=\"og:type\" content=\"article\" \/>\n<meta property=\"og:title\" content=\"STERILLIGHT M\u00f6belst\u00e4nder &raquo; BEFARE 1 s.r.o.\" \/>\n<meta property=\"og:url\" content=\"https:\/\/befare.eu\/de\/e-shop\/sterillight-mobelstander\/\" \/>\n<meta property=\"og:site_name\" content=\"BEFARE 1 s.r.o.\" \/>\n<meta property=\"article:publisher\" content=\"https:\/\/www.facebook.com\/STERILLIGHT-101944348437357\" \/>\n<meta property=\"article:modified_time\" content=\"2021-02-21T23:48:03+00:00\" \/>\n<meta property=\"og:image\" content=\"https:\/\/befare.eu\/wp-content\/uploads\/2020\/12\/Sterillight-Air-G1-Stojan-na-stol.jpg\" \/>\n\t<meta property=\"og:image:width\" content=\"1200\" \/>\n\t<meta property=\"og:image:height\" content=\"1200\" \/>\n\t<meta property=\"og:image:type\" content=\"image\/jpeg\" \/>\n<meta name=\"twitter:card\" content=\"summary_large_image\" \/>\n<meta name=\"twitter:label1\" content=\"Gesch\u00e4tzte Lesezeit\" \/>\n\t<meta name=\"twitter:data1\" content=\"3\u00a0Minuten\" \/>\n<script type=\"application\/ld+json\" class=\"yoast-schema-graph\">{\"@context\":\"https:\/\/schema.org\",\"@graph\":[{\"@type\":\"WebPage\",\"@id\":\"https:\/\/befare.eu\/de\/e-shop\/sterillight-mobelstander\/\",\"url\":\"https:\/\/befare.eu\/de\/e-shop\/sterillight-mobelstander\/\",\"name\":\"STERILLIGHT M\u00f6belst\u00e4nder &raquo; BEFARE 1 s.r.o.\",\"isPartOf\":{\"@id\":\"https:\/\/befare.eu\/de\/#website\"},\"datePublished\":\"2020-12-14T07:25:18+00:00\",\"dateModified\":\"2021-02-21T23:48:03+00:00\",\"breadcrumb\":{\"@id\":\"https:\/\/befare.eu\/de\/e-shop\/sterillight-mobelstander\/#breadcrumb\"},\"inLanguage\":\"de\",\"potentialAction\":[{\"@type\":\"ReadAction\",\"target\":[\"https:\/\/befare.eu\/de\/e-shop\/sterillight-mobelstander\/\"]}]},{\"@type\":\"BreadcrumbList\",\"@id\":\"https:\/\/befare.eu\/de\/e-shop\/sterillight-mobelstander\/#breadcrumb\",\"itemListElement\":[{\"@type\":\"ListItem\",\"position\":1,\"name\":\"Domovsk\u00e1 str\u00e1nka\",\"item\":\"https:\/\/befare.eu\/de\/\"},{\"@type\":\"ListItem\",\"position\":2,\"name\":\"Produkte\",\"item\":\"https:\/\/befare.eu\/de\/shop\/\"},{\"@type\":\"ListItem\",\"position\":3,\"name\":\"STERILLIGHT M\u00f6belst\u00e4nder\"}]},{\"@type\":\"WebSite\",\"@id\":\"https:\/\/befare.eu\/de\/#website\",\"url\":\"https:\/\/befare.eu\/de\/\",\"name\":\"BEFARE 1 s.r.o.\",\"description\":\"\",\"publisher\":{\"@id\":\"https:\/\/befare.eu\/de\/#organization\"},\"potentialAction\":[{\"@type\":\"SearchAction\",\"target\":{\"@type\":\"EntryPoint\",\"urlTemplate\":\"https:\/\/befare.eu\/de\/?s={search_term_string}\"},\"query-input\":\"required name=search_term_string\"}],\"inLanguage\":\"de\"},{\"@type\":\"Organization\",\"@id\":\"https:\/\/befare.eu\/de\/#organization\",\"name\":\"Befare 1 s.r.o.\",\"url\":\"https:\/\/befare.eu\/de\/\",\"logo\":{\"@type\":\"ImageObject\",\"inLanguage\":\"de\",\"@id\":\"https:\/\/befare.eu\/de\/#\/schema\/logo\/image\/\",\"url\":\"https:\/\/befare.eu\/wp-content\/uploads\/2020\/05\/befare-logo.png\",\"contentUrl\":\"https:\/\/befare.eu\/wp-content\/uploads\/2020\/05\/befare-logo.png\",\"width\":300,\"height\":80,\"caption\":\"Befare 1 s.r.o.\"},\"image\":{\"@id\":\"https:\/\/befare.eu\/de\/#\/schema\/logo\/image\/\"},\"sameAs\":[\"https:\/\/www.facebook.com\/STERILLIGHT-101944348437357\"]}]}<\/script>\n<!-- \/ Yoast SEO plugin. -->","yoast_head_json":{"title":"STERILLIGHT M\u00f6belst\u00e4nder &raquo; BEFARE 1 s.r.o.","robots":{"index":"index","follow":"follow","max-snippet":"max-snippet:-1","max-image-preview":"max-image-preview:large","max-video-preview":"max-video-preview:-1"},"canonical":"https:\/\/befare.eu\/de\/e-shop\/sterillight-mobelstander\/","og_locale":"de_DE","og_type":"article","og_title":"STERILLIGHT M\u00f6belst\u00e4nder &raquo; BEFARE 1 s.r.o.","og_url":"https:\/\/befare.eu\/de\/e-shop\/sterillight-mobelstander\/","og_site_name":"BEFARE 1 s.r.o.","article_publisher":"https:\/\/www.facebook.com\/STERILLIGHT-101944348437357","article_modified_time":"2021-02-21T23:48:03+00:00","og_image":[{"width":1200,"height":1200,"url":"https:\/\/befare.eu\/wp-content\/uploads\/2020\/12\/Sterillight-Air-G1-Stojan-na-stol.jpg","type":"image\/jpeg"}],"twitter_card":"summary_large_image","twitter_misc":{"Gesch\u00e4tzte Lesezeit":"3\u00a0Minuten"},"schema":{"@context":"https:\/\/schema.org","@graph":[{"@type":"WebPage","@id":"https:\/\/befare.eu\/de\/e-shop\/sterillight-mobelstander\/","url":"https:\/\/befare.eu\/de\/e-shop\/sterillight-mobelstander\/","name":"STERILLIGHT M\u00f6belst\u00e4nder &raquo; BEFARE 1 s.r.o.","isPartOf":{"@id":"https:\/\/befare.eu\/de\/#website"},"datePublished":"2020-12-14T07:25:18+00:00","dateModified":"2021-02-21T23:48:03+00:00","breadcrumb":{"@id":"https:\/\/befare.eu\/de\/e-shop\/sterillight-mobelstander\/#breadcrumb"},"inLanguage":"de","potentialAction":[{"@type":"ReadAction","target":["https:\/\/befare.eu\/de\/e-shop\/sterillight-mobelstander\/"]}]},{"@type":"BreadcrumbList","@id":"https:\/\/befare.eu\/de\/e-shop\/sterillight-mobelstander\/#breadcrumb","itemListElement":[{"@type":"ListItem","position":1,"name":"Domovsk\u00e1 str\u00e1nka","item":"https:\/\/befare.eu\/de\/"},{"@type":"ListItem","position":2,"name":"Produkte","item":"https:\/\/befare.eu\/de\/shop\/"},{"@type":"ListItem","position":3,"name":"STERILLIGHT M\u00f6belst\u00e4nder"}]},{"@type":"WebSite","@id":"https:\/\/befare.eu\/de\/#website","url":"https:\/\/befare.eu\/de\/","name":"BEFARE 1 s.r.o.","description":"","publisher":{"@id":"https:\/\/befare.eu\/de\/#organization"},"potentialAction":[{"@type":"SearchAction","target":{"@type":"EntryPoint","urlTemplate":"https:\/\/befare.eu\/de\/?s={search_term_string}"},"query-input":"required name=search_term_string"}],"inLanguage":"de"},{"@type":"Organization","@id":"https:\/\/befare.eu\/de\/#organization","name":"Befare 1 s.r.o.","url":"https:\/\/befare.eu\/de\/","logo":{"@type":"ImageObject","inLanguage":"de","@id":"https:\/\/befare.eu\/de\/#\/schema\/logo\/image\/","url":"https:\/\/befare.eu\/wp-content\/uploads\/2020\/05\/befare-logo.png","contentUrl":"https:\/\/befare.eu\/wp-content\/uploads\/2020\/05\/befare-logo.png","width":300,"height":80,"caption":"Befare 1 s.r.o."},"image":{"@id":"https:\/\/befare.eu\/de\/#\/schema\/logo\/image\/"},"sameAs":["https:\/\/www.facebook.com\/STERILLIGHT-101944348437357"]}]}},"_links":{"self":[{"href":"https:\/\/befare.eu\/de\/wp-json\/wp\/v2\/product\/4358"}],"collection":[{"href":"https:\/\/befare.eu\/de\/wp-json\/wp\/v2\/product"}],"about":[{"href":"https:\/\/befare.eu\/de\/wp-json\/wp\/v2\/types\/product"}],"wp:featuredmedia":[{"embeddable":true,"href":"https:\/\/befare.eu\/de\/wp-json\/wp\/v2\/media\/3655"}],"wp:attachment":[{"href":"https:\/\/befare.eu\/de\/wp-json\/wp\/v2\/media?parent=4358"}],"wp:term":[{"taxonomy":"product_cat","embeddable":true,"href":"https:\/\/befare.eu\/de\/wp-json\/wp\/v2\/product_cat?post=4358"},{"taxonomy":"product_tag","embeddable":true,"href":"https:\/\/befare.eu\/de\/wp-json\/wp\/v2\/product_tag?post=4358"}],"curies":[{"name":"wp","href":"https:\/\/api.w.org\/{rel}","templated":true}]}}