{"id":4041,"date":"2019-01-28T16:52:50","date_gmt":"2019-01-28T15:52:50","guid":{"rendered":"https:\/\/befare.eu\/grundsaetze-zum-datenschutz\/"},"modified":"2021-03-21T12:08:54","modified_gmt":"2021-03-21T11:08:54","slug":"grundsaetze-zum-datenschutz","status":"publish","type":"page","link":"https:\/\/befare.eu\/de\/grundsaetze-zum-datenschutz\/","title":{"rendered":"Grunds\u00e4tze zum Datenschutz"},"content":{"rendered":"<div class=\"fusion-fullwidth fullwidth-box fusion-builder-row-1 nonhundred-percent-fullwidth non-hundred-percent-height-scrolling\" style=\"background-color: rgba(255,255,255,0);background-position: center center;background-repeat: no-repeat;padding-top:0px;padding-right:0px;padding-bottom:0px;padding-left:0px;margin-bottom: 0px;margin-top: 0px;border-width: 0px 0px 0px 0px;border-color:#eae9e9;border-style:solid;\" ><div class=\"fusion-builder-row fusion-row\"><div class=\"fusion-layout-column fusion_builder_column fusion-builder-column-0 fusion_builder_column_1_1 1_1 fusion-one-full fusion-column-first fusion-column-last\" style=\"margin-top:0px;margin-bottom:0px;\"><div class=\"fusion-column-wrapper fusion-flex-column-wrapper-legacy\" style=\"background-position:left top;background-repeat:no-repeat;-webkit-background-size:cover;-moz-background-size:cover;-o-background-size:cover;background-size:cover;padding: 0px 0px 0px 0px;\"><div class=\"fusion-text fusion-text-1\"><p><strong>Inform\u00e1cia o spracov\u00e1van\u00ed osobn\u00fdch \u00fadajov v BEFARE 1 s.r.o.<\/strong><\/p>\n<p>Ochrana osobn\u00fdch \u00fadajov je pre BEFARE 1 s.r.o. (\u010falej len \u201eBEFARE 1\u201c) mimoriadne d\u00f4le\u017eit\u00e1 a informuje verejnos\u0165 o tom, ako sprac\u00fava z\u00edskan\u00e9 osobn\u00e9 \u00fadaje, pre\u010do ich zhroma\u017e\u010fuje a \u010do to pre dotknut\u00e9 osoby znamen\u00e1. Z tohto d\u00f4vodu BEFARE 1 zverej\u0148uje dokument v s\u00falade s povinnos\u0165ami pod\u013ea Nariadenia Eur\u00f3pskeho Parlamentu a Rady (E\u00da) 2016\/679 a z\u00e1kona \u010d. 18\/2018 Z. z. o ochrane osobn\u00fdch \u00fadajov a o zmene a doplnen\u00ed niektor\u00fdch z\u00e1konov.<\/p>\n<p>Tento dokument obsahuje inform\u00e1cie, t\u00fdkaj\u00face sa \u00fa\u010delu spracov\u00e1vanie , podmienok z\u00edskavania, samotn\u00e9ho spracovania, poskytovania osobn\u00fdch \u00fadajov, pr\u00edjemcov, prenosu osobn\u00fdch \u00fadajov, ako aj o pr\u00e1vach dotknut\u00fdch os\u00f4b (fyzick\u00fdch os\u00f4b, ktor\u00fdch osobn\u00e9 \u00fadaje s\u00fa spracov\u00e1van\u00e9 v informa\u010dn\u00fdch syst\u00e9moch BEFARE 1 ).<\/p>\n<p><strong>Inform\u00e1cia o podmienkach spracovania <\/strong><\/p>\n<p>Inform\u00e1cia jednotliv\u00fdch bodoch poskytuje preh\u013ead o tom, ako BEFARE 1\u00a0 z\u00edskava a sprac\u00fava osobn\u00e9 \u00fadaje a informuje o pr\u00e1vach dotknut\u00fdch os\u00f4b pod\u013ea nariadenia o ochrane osobn\u00fdch \u00fadajov, je zameran\u00e1 na fyzick\u00e9 osoby, ktor\u00e9 s\u00fa alebo bud\u00fa klientmi, n\u00e1v\u0161tevn\u00edkmi, dod\u00e1vate\u013emi, fyzick\u00fdmi osobami zastupuj\u00facimi alebo konaj\u00facimi v mene pr\u00e1vnickej osoby, \u00fa\u010dastn\u00edkmi podujat\u00ed organizovan\u00fdmi BEFARE 1 , uch\u00e1dza\u010dmi o zamestnanie, zmluvn\u00fdmi partnermi alebo osobami v p\u00edsomnom kontakte s BEFARE 1.<\/p>\n<p>Z\u00e1rove\u0148 obsahuje inform\u00e1cie o tom, kedy BEFARE 1\u00a0 zdie\u013ea osobn\u00e9 \u00fadaje s in\u00fdmi subjektmi (pr\u00edjemcami), napr\u00edklad s poskytovate\u013emi slu\u017eieb, dod\u00e1vate\u013emi alebo sprostredkovate\u013emi.<\/p>\n<p><strong>\u010co s\u00fa to osobn\u00e9 \u00fadaje? <\/strong><\/p>\n<p>Osobn\u00fdmi \u00fadajmi sa rozumej\u00fa v\u0161etky inform\u00e1cie, ktor\u00e9 sa t\u00fdkaj\u00fa dotknut\u00fdch os\u00f4b, ktor\u00e9 ich identifikuj\u00fa alebo m\u00f4\u017eu identifikova\u0165 ako konkr\u00e9tnu osobu. Tak\u00fdmi \u00fadajmi m\u00f4\u017ee by\u0165 meno, priezvisko, adresa alebo rodn\u00e9 \u010d\u00edslo, pr\u00edpadne kamerov\u00fd z\u00e1znam.<\/p>\n<p><strong>Prev\u00e1dzkovate\u013e <\/strong><\/p>\n<p>BEFARE 1\u00a0 spracov\u00e1va osobn\u00e9 \u00fadaje vo svojich informa\u010dn\u00fdch syst\u00e9moch ako prev\u00e1dzkovate\u013e pod\u013ea ustanovenia \u010dl. 4 bod 7 nariadenia o ochrane osobn\u00fdch \u00fadajov. Pri spracovan\u00ed osobn\u00fdch \u00fadajov BEFARE 1\u00a0 dodr\u017eiava z\u00e1sadu z\u00e1konnosti, spravodlivosti a transparentnosti, z\u00e1sadu obmedzenia \u00fa\u010delu, z\u00e1sadu minimaliz\u00e1cie \u00fadajov a minimaliz\u00e1cie uchov\u00e1vania \u00fadajov, ako aj z\u00e1sadu spr\u00e1vnosti.<\/p>\n<p><strong>Zodpovedn\u00e1 osoba <\/strong><\/p>\n<p>Zodpovedn\u00e1 osoba je zamestnanec BEFARE 1 , ktor\u00fd pln\u00ed \u00falohy pod\u013ea nariadenia. Zodpovedn\u00e1 osoba zodpovie ot\u00e1zky k inform\u00e1ci\u00e1m obsiahnut\u00fdm v tomto dokumente. Zodpovedn\u00fa osobu je mo\u017en\u00e9 kontaktova\u0165 na adrese:<\/p>\n<\/p>\n<div class=\"table-2\">\n<table width=\"100%\">\n<tbody>\n<tr>\n<td align=\"left\">\n<div><span lang=\"SK\">E-mail:<\/span><\/div>\n<\/td>\n<td align=\"left\">\n<div><span lang=\"SK\">befare@befare.sk <\/span><\/div>\n<\/td>\n<\/tr>\n<tr>\n<td align=\"left\">\n<div><span lang=\"SK\">P\u00edsomne &#8211; prev\u00e1dzka: <\/span><\/div>\n<\/td>\n<td align=\"left\">\n<div><span lang=\"SK\">BEFARE 1 s.r.o., Mliekarensk\u00e1 10, 821 09 Bratislava<\/span><\/div>\n<\/td>\n<\/tr>\n<tr>\n<td align=\"left\">\n<div><span lang=\"SK\">P\u00edsomne &#8211; s\u00eddlo: <\/span><\/div>\n<\/td>\n<td align=\"left\">\n<div><span lang=\"SK\">BEFARE 1 s.r.o., Vietnamsk\u00e1 44, 821 04 Bratislava<\/span><\/div>\n<\/td>\n<\/tr>\n<\/tbody>\n<\/table>\n<\/div>\n<p>\n<p><strong>Na ak\u00fd \u00fa\u010del sa sprac\u00favaj\u00fa osobn\u00e9 \u00fadaje? <\/strong><\/p>\n<p>BEFARE 1\u00a0 spracov\u00e1va osobn\u00e9 \u00fadaje len v takom rozsahu, ktor\u00fd je nevyhnutn\u00fd vzh\u013eadom na potrebn\u00e9 \u00fa\u010dely, na ktor\u00e9 sa spracov\u00e1vaj\u00fa.<\/p>\n<p>\u00da\u010delom spracov\u00e1vania osobn\u00fdch \u00fadajov s\u00fa:<\/p>\n<ul>\n<li>podpora predaja \u2013 marketingov\u00e9 ponuky, newsletter, inform\u00e1cie o produktoch a novink\u00e1ch,<\/li>\n<li>n\u00e1kup a predaj tovaru a slu\u017eieb cez internet,<\/li>\n<li>vytvorenie propaga\u010dn\u00fdch materi\u00e1lov,<\/li>\n<li>pr\u00edprava, uzatv\u00e1ranie a vykon\u00e1vanie zml\u00fav, uplat\u0148ovanie pr\u00e1v a plnenie povinnost\u00ed BEFARE 1 z uzatvoren\u00fdch zml\u00fav,<\/li>\n<li>evidencie a vybavovanie reklam\u00e1ci\u00ed,<\/li>\n<li>vedenie \u00fa\u010dtovn\u00edctva,<\/li>\n<li>vybavovanie s\u0165a\u017enost\u00ed a \u017eiadost\u00ed,<\/li>\n<li>plnenie povinnost\u00ed zamestn\u00e1vate\u013ea s\u00favisiacich s pracovn\u00fdm pomerom alebo obdobn\u00fdm vz\u0165ahom, vr\u00e1tane predzmluvn\u00fdch vz\u0165ahov, vedenie person\u00e1lnej a mzdovej agendy,<\/li>\n<li>v\u00fdberov\u00e9 konania na vo\u013en\u00e9 pracovn\u00e9 miesta, absolvovanie praxe \u017eiakov a \u0161tudentov,<\/li>\n<li>ochrana majetku, bezpe\u010dnosti a zdravia,<\/li>\n<li>z\u00edskanie kontaktn\u00fdch \u00fadajov dotknutej osoby, ako s\u00fa meno, priezvisko, adresa, e-mail pre potreby po\u0161tov\u00e9ho alebo telefonick\u00e9ho styku,<\/li>\n<li>archiv\u00e1cie a \u0161tatistick\u00e9 \u00fa\u010dely,<\/li>\n<li>identifik\u00e1cia n\u00e1v\u0161tevn\u00edkov BEFARE 1 .<\/li>\n<\/ul>\n<p>\u010eal\u0161ie \u00fa\u010dely spracov\u00e1vania \u00a0osobn\u00fdch \u00fadajov m\u00f4\u017eu by\u0165 uveden\u00e9 v jednotliv\u00fdch zmluv\u00e1ch uzavret\u00fdch medzi BEFARE 1\u00a0 a dotknutou osobou, napr\u00edklad v zmluv\u00e1ch s autormi, v licen\u010dn\u00fdch zmluv\u00e1ch, v k\u00fapnych zmluv\u00e1ch.<\/p>\n<p>BEFARE 1 \u00a0m\u00f4\u017ee spracova\u0165 osobn\u00e9 \u00fadaje aj na z\u00e1klade s\u00fahlasu, v tomto pr\u00edpade je \u00fa\u010del spracovania osobn\u00fdch \u00fadajov uveden\u00fd priamo v tomto s\u00fahlase.<\/p>\n<p>Osobn\u00e9 \u00fadaje m\u00f4\u017eu by\u0165 poskytnut\u00e9 BEFARE 1\u00a0 na dokumentoch, formul\u00e1roch, listoch a ozn\u00e1meniach, pr\u00edpadne v telefonick\u00fdch hovoroch alebo v elektronickej komunik\u00e1cii medzi BEFARE 1\u00a0 a dotknutou osobou. Opr\u00e1vnen\u00fd z\u00e1ujem BEFARE 1\u00a0 nesmie preva\u017eova\u0165 nad z\u00e1ujmami dotknutej osoby, jej z\u00e1kladn\u00fdmi pr\u00e1vami a slobodami.<\/p>\n<p><strong>S k\u00fdm zdie\u013ea BEFARE 1\u00a0 osobn\u00e9 \u00fadaje? <\/strong><\/p>\n<ul>\n<li>BEFARE 1 je opr\u00e1vnen\u00e1 poveri\u0165 spracovan\u00edm osobn\u00fdch \u00fadajov sprostredkovate\u013ea. Ak BEFARE 1\u00a0 vyu\u017e\u00edva na z\u00edskavanie alebo in\u00e9 sprac\u00favanie osobn\u00fdch \u00fadajov sprostredkovate\u013ea, rob\u00ed tak len na z\u00e1klade p\u00edsomnej zmluvy so sprostredkovate\u013eom pod\u013ea \u010dl. 28 nariadenia o ochrane osobn\u00fdch \u00fadajov.<\/li>\n<li>BEFARE 1 db\u00e1 na d\u00f4sledn\u00fd v\u00fdber svojich zmluvn\u00fdch partnerov, posudzuje ich spo\u013eahlivos\u0165 a m\u00e1 zmluvne zabezpe\u010den\u00e9 pravidl\u00e1 ochrany osobn\u00fdch \u00fadajov.<\/li>\n<li>BEFARE 1 m\u00f4\u017ee by\u0165 na z\u00e1klade osobitn\u00fdch predpisov povinn\u00fd poskytn\u00fa\u0165 osobn\u00e9 \u00fadaje in\u00fdm subjektom, napr\u00edklad org\u00e1nom doh\u013eadu v in\u00fdch krajin\u00e1ch, Soci\u00e1lnej pois\u0165ovni, pol\u00edcii.<\/li>\n<li>Odosielanie z\u00e1sielok sa v BEFARE 1 vykon\u00e1va prostredn\u00edctvom Slovenskej po\u0161ty alebo kuri\u00e9rskej slu\u017eby.<\/li>\n<\/ul>\n<p><strong>Prenos osobn\u00fdch \u00fadajov do tret\u00edch kraj\u00edn <\/strong><\/p>\n<p>BEFARE 1\u00a0 neuskuto\u010d\u0148uje prenos osobn\u00fdch \u00fadajov do tret\u00edch kraj\u00edn.<\/p>\n<p><strong>Ako dlho sa sprac\u00favaj\u00fa osobn\u00e9 \u00fadaje? <\/strong><\/p>\n<ul>\n<li>BEFARE 1 re\u0161pektuje z\u00e1sadu minimaliz\u00e1cie doby uchov\u00e1vania osobn\u00fdch \u00fadajov.<\/li>\n<li>Osobn\u00e9 \u00fadaje uch\u00e1dza\u010dov o zamestnanie v BEFARE 1 po skon\u010den\u00ed v\u00fdberov\u00e9ho konania likviduj\u00fa, okrem t\u00fdch pr\u00edpadov, ke\u010f uch\u00e1dza\u010di o zamestnanie udelili BEFARE 1\u00a0 s\u00fahlas s ich \u00faschovou na dobu 12 mesiacov.<\/li>\n<li>BEFARE 1 uchov\u00e1va kamerov\u00e9 z\u00e1znamy z pr\u00edstupn\u00fdch priestorov po dobu maxim\u00e1lne 15 dn\u00ed a n\u00e1sledne s\u00fa vymazan\u00e9.<\/li>\n<\/ul>\n<p><strong>Ak\u00e9 s\u00fa pr\u00e1va dotknutej osoby? <\/strong><\/p>\n<p>Dotknut\u00e1 osoba m\u00e1<\/p>\n<ul>\n<li>pr\u00e1vo z\u00edska\u0165 od BEFARE 1 inform\u00e1ciu o tom, \u010di sa sprac\u00favaj\u00fa jej osobn\u00e9 \u00fadaje a m\u00e1 pr\u00e1vo na pr\u00edstup k osobn\u00fdm \u00fadajom, ktor\u00e9 sa jej t\u00fdkaj\u00fa,<\/li>\n<li>pr\u00e1vo \u017eiada\u0165, aby BEFARE 1 bez zbyto\u010dn\u00e9ho odkladu opravil osobn\u00e9 \u00fadaje alebo ich vymazal,<\/li>\n<li>pr\u00e1vo \u017eiada\u0165, aby BEFARE 1 obmedzil spracov\u00e1vanie jej osobn\u00fdch \u00fadajov,<\/li>\n<li>pr\u00e1vo namieta\u0165 proti spracovaniu jej osobn\u00fdch \u00fadajov z d\u00f4vodov jej konkr\u00e9tnej situ\u00e1cie,<\/li>\n<li>pr\u00e1vo na prenosnos\u0165 \u00fadajov, ak BEFARE 1 spracov\u00e1va jej \u00fadaje na z\u00e1klade zmluvy alebo s\u00fahlasu.<\/li>\n<\/ul>\n<p><strong>Pr\u00e1vo odvola\u0165 s\u00fahlas <\/strong><\/p>\n<p>Ak BEFARE 1\u00a0 spracov\u00e1va osobn\u00e9 \u00fadaje na z\u00e1klade s\u00fahlasu, m\u00e1 dotknut\u00e1 osoba pr\u00e1vo tento s\u00fahlas kedyko\u013evek odvola\u0165.<\/p>\n<p><strong>Pr\u00e1vo poda\u0165 s\u0165a\u017enos\u0165 dozorn\u00e9mu org\u00e1nu <\/strong><\/p>\n<p>Ak si dotknut\u00e1 osoba uplatnila niektor\u00e9 alebo v\u0161etky svoje pr\u00e1va na ochranu \u00fadajov a st\u00e1le m\u00e1 pocit, \u017ee jej obavy zo spracov\u00e1vanie \u00a0osobn\u00fdch \u00fadajov neboli dostato\u010dne rie\u0161en\u00e9, m\u00e1 pr\u00e1vo poda\u0165 n\u00e1vrh na za\u010datie konania o ochrane osobn\u00fdch \u00fadajov na \u00darad na ochranu osobn\u00fdch \u00fadajov Slovenskej republiky.<\/p>\n<p><strong>Inform\u00e1cia o povinnosti poskytn\u00fa\u0165 osobn\u00e9 \u00fadaje <\/strong><\/p>\n<p>Ak BEFARE 1\u00a0 spracov\u00e1va osobn\u00e9 \u00fadaje na z\u00e1klade osobitn\u00e9ho z\u00e1kona, je povinnos\u0165ou osobn\u00e9 \u00fadaje poskytn\u00fa\u0165. Ak s\u00fa osobn\u00e9 \u00fadaje nevyhnutn\u00e9 na plnenie zmluvy a dotknut\u00e1 osoba je zmluvnou stranou, BEFARE 1 \u00a0m\u00f4\u017ee osobn\u00e9 \u00fadaje spracov\u00e1va\u0165 aj bez jej s\u00fahlasu. Odmietnutie poskytn\u00fa\u0165 osobn\u00e9 \u00fadaje m\u00f4\u017ee ma\u0165 za n\u00e1sledok, \u017ee BEFARE 1\u00a0 odmietne zmluvu uzavrie\u0165. Rovnako BEFARE 1\u00a0 m\u00f4\u017ee odmietnu\u0165 pre\u0161etri\u0165 podanie na z\u00e1klade osobitn\u00fdch z\u00e1konov, ak si osoba nespln\u00ed z\u00e1konn\u00fa povinnos\u0165 a svoje osobn\u00e9 \u00fadaje na tento \u00fa\u010del neposkytne.<\/p>\n<p><strong>Automatick\u00e9 rozhodovanie vr\u00e1tane profilovania <\/strong><\/p>\n<p>BEFARE 1\u00a0 nevykon\u00e1va automatizovan\u00e9 individu\u00e1lne rozhodovanie.<\/p>\n<p>V Bratislave, 17.12.2020<\/p>\n<\/div><div class=\"fusion-clearfix\"><\/div><\/div><\/div><\/div><\/div>\n","protected":false},"excerpt":{"rendered":"","protected":false},"author":1,"featured_media":0,"parent":0,"menu_order":0,"comment_status":"closed","ping_status":"closed","template":"","meta":[],"yoast_head":"<!-- This site is optimized with the Yoast SEO plugin v20.0 - https:\/\/yoast.com\/wordpress\/plugins\/seo\/ -->\n<title>STERILLIGHT Air &raquo; Steriliz\u00e1tor vzduchu &raquo; Ochrana pred COVID-19<\/title>\n<meta name=\"description\" content=\"Novinka! Steriliz\u00e1cia vzduchu! STERILLIGHT Air \u27a1 r\u00fdchla a \u00fa\u010dinn\u00e1 dezinfekcia V\u00e1\u0161ho prostredia \ud83e\udda0 Pre bezpe\u010dnos\u0165 V\u00e1\u0161ho pracoviska a domova\u2757\ufe0f\" \/>\n<meta name=\"robots\" content=\"index, follow, max-snippet:-1, max-image-preview:large, max-video-preview:-1\" \/>\n<link rel=\"canonical\" href=\"https:\/\/befare.eu\/de\/grundsaetze-zum-datenschutz\/\" \/>\n<meta property=\"og:locale\" content=\"de_DE\" \/>\n<meta property=\"og:type\" content=\"article\" \/>\n<meta property=\"og:title\" content=\"STERILLIGHT Air &raquo; Steriliz\u00e1tor vzduchu &raquo; Ochrana pred COVID-19\" \/>\n<meta property=\"og:description\" content=\"Novinka! Steriliz\u00e1cia vzduchu! STERILLIGHT Air \u27a1 r\u00fdchla a \u00fa\u010dinn\u00e1 dezinfekcia V\u00e1\u0161ho prostredia \ud83e\udda0 Pre bezpe\u010dnos\u0165 V\u00e1\u0161ho pracoviska a domova\u2757\ufe0f\" \/>\n<meta property=\"og:url\" content=\"https:\/\/befare.eu\/de\/grundsaetze-zum-datenschutz\/\" \/>\n<meta property=\"og:site_name\" content=\"BEFARE 1 s.r.o.\" \/>\n<meta property=\"article:publisher\" content=\"https:\/\/www.facebook.com\/STERILLIGHT-101944348437357\" \/>\n<meta property=\"article:modified_time\" content=\"2021-03-21T11:08:54+00:00\" \/>\n<meta property=\"og:image\" content=\"https:\/\/befare.eu\/wp-content\/uploads\/2021\/01\/blue-sterillight-befare.jpg\" \/>\n\t<meta property=\"og:image:width\" content=\"990\" \/>\n\t<meta property=\"og:image:height\" content=\"990\" \/>\n\t<meta property=\"og:image:type\" content=\"image\/jpeg\" \/>\n<meta name=\"twitter:card\" content=\"summary_large_image\" \/>\n<meta name=\"twitter:label1\" content=\"Gesch\u00e4tzte Lesezeit\" \/>\n\t<meta name=\"twitter:data1\" content=\"8\u00a0Minuten\" \/>\n<script type=\"application\/ld+json\" class=\"yoast-schema-graph\">{\"@context\":\"https:\/\/schema.org\",\"@graph\":[{\"@type\":\"WebPage\",\"@id\":\"https:\/\/befare.eu\/de\/grundsaetze-zum-datenschutz\/\",\"url\":\"https:\/\/befare.eu\/de\/grundsaetze-zum-datenschutz\/\",\"name\":\"STERILLIGHT Air &raquo; Steriliz\u00e1tor vzduchu &raquo; Ochrana pred COVID-19\",\"isPartOf\":{\"@id\":\"https:\/\/befare.eu\/de\/#website\"},\"datePublished\":\"2019-01-28T15:52:50+00:00\",\"dateModified\":\"2021-03-21T11:08:54+00:00\",\"description\":\"Novinka! Steriliz\u00e1cia vzduchu! STERILLIGHT Air \u27a1 r\u00fdchla a \u00fa\u010dinn\u00e1 dezinfekcia V\u00e1\u0161ho prostredia \ud83e\udda0 Pre bezpe\u010dnos\u0165 V\u00e1\u0161ho pracoviska a domova\u2757\ufe0f\",\"breadcrumb\":{\"@id\":\"https:\/\/befare.eu\/de\/grundsaetze-zum-datenschutz\/#breadcrumb\"},\"inLanguage\":\"de\",\"potentialAction\":[{\"@type\":\"ReadAction\",\"target\":[\"https:\/\/befare.eu\/de\/grundsaetze-zum-datenschutz\/\"]}]},{\"@type\":\"BreadcrumbList\",\"@id\":\"https:\/\/befare.eu\/de\/grundsaetze-zum-datenschutz\/#breadcrumb\",\"itemListElement\":[{\"@type\":\"ListItem\",\"position\":1,\"name\":\"Domovsk\u00e1 str\u00e1nka\",\"item\":\"https:\/\/befare.eu\/de\/\"},{\"@type\":\"ListItem\",\"position\":2,\"name\":\"Grunds\u00e4tze zum Datenschutz\"}]},{\"@type\":\"WebSite\",\"@id\":\"https:\/\/befare.eu\/de\/#website\",\"url\":\"https:\/\/befare.eu\/de\/\",\"name\":\"BEFARE 1 s.r.o.\",\"description\":\"\",\"publisher\":{\"@id\":\"https:\/\/befare.eu\/de\/#organization\"},\"potentialAction\":[{\"@type\":\"SearchAction\",\"target\":{\"@type\":\"EntryPoint\",\"urlTemplate\":\"https:\/\/befare.eu\/de\/?s={search_term_string}\"},\"query-input\":\"required name=search_term_string\"}],\"inLanguage\":\"de\"},{\"@type\":\"Organization\",\"@id\":\"https:\/\/befare.eu\/de\/#organization\",\"name\":\"Befare 1 s.r.o.\",\"url\":\"https:\/\/befare.eu\/de\/\",\"logo\":{\"@type\":\"ImageObject\",\"inLanguage\":\"de\",\"@id\":\"https:\/\/befare.eu\/de\/#\/schema\/logo\/image\/\",\"url\":\"https:\/\/befare.eu\/wp-content\/uploads\/2020\/05\/befare-logo.png\",\"contentUrl\":\"https:\/\/befare.eu\/wp-content\/uploads\/2020\/05\/befare-logo.png\",\"width\":300,\"height\":80,\"caption\":\"Befare 1 s.r.o.\"},\"image\":{\"@id\":\"https:\/\/befare.eu\/de\/#\/schema\/logo\/image\/\"},\"sameAs\":[\"https:\/\/www.facebook.com\/STERILLIGHT-101944348437357\"]}]}<\/script>\n<!-- \/ Yoast SEO plugin. -->","yoast_head_json":{"title":"STERILLIGHT Air &raquo; Steriliz\u00e1tor vzduchu &raquo; Ochrana pred COVID-19","description":"Novinka! Steriliz\u00e1cia vzduchu! STERILLIGHT Air \u27a1 r\u00fdchla a \u00fa\u010dinn\u00e1 dezinfekcia V\u00e1\u0161ho prostredia \ud83e\udda0 Pre bezpe\u010dnos\u0165 V\u00e1\u0161ho pracoviska a domova\u2757\ufe0f","robots":{"index":"index","follow":"follow","max-snippet":"max-snippet:-1","max-image-preview":"max-image-preview:large","max-video-preview":"max-video-preview:-1"},"canonical":"https:\/\/befare.eu\/de\/grundsaetze-zum-datenschutz\/","og_locale":"de_DE","og_type":"article","og_title":"STERILLIGHT Air &raquo; Steriliz\u00e1tor vzduchu &raquo; Ochrana pred COVID-19","og_description":"Novinka! Steriliz\u00e1cia vzduchu! STERILLIGHT Air \u27a1 r\u00fdchla a \u00fa\u010dinn\u00e1 dezinfekcia V\u00e1\u0161ho prostredia \ud83e\udda0 Pre bezpe\u010dnos\u0165 V\u00e1\u0161ho pracoviska a domova\u2757\ufe0f","og_url":"https:\/\/befare.eu\/de\/grundsaetze-zum-datenschutz\/","og_site_name":"BEFARE 1 s.r.o.","article_publisher":"https:\/\/www.facebook.com\/STERILLIGHT-101944348437357","article_modified_time":"2021-03-21T11:08:54+00:00","og_image":[{"width":990,"height":990,"url":"https:\/\/befare.eu\/wp-content\/uploads\/2021\/01\/blue-sterillight-befare.jpg","type":"image\/jpeg"}],"twitter_card":"summary_large_image","twitter_misc":{"Gesch\u00e4tzte Lesezeit":"8\u00a0Minuten"},"schema":{"@context":"https:\/\/schema.org","@graph":[{"@type":"WebPage","@id":"https:\/\/befare.eu\/de\/grundsaetze-zum-datenschutz\/","url":"https:\/\/befare.eu\/de\/grundsaetze-zum-datenschutz\/","name":"STERILLIGHT Air &raquo; Steriliz\u00e1tor vzduchu &raquo; Ochrana pred COVID-19","isPartOf":{"@id":"https:\/\/befare.eu\/de\/#website"},"datePublished":"2019-01-28T15:52:50+00:00","dateModified":"2021-03-21T11:08:54+00:00","description":"Novinka! Steriliz\u00e1cia vzduchu! STERILLIGHT Air \u27a1 r\u00fdchla a \u00fa\u010dinn\u00e1 dezinfekcia V\u00e1\u0161ho prostredia \ud83e\udda0 Pre bezpe\u010dnos\u0165 V\u00e1\u0161ho pracoviska a domova\u2757\ufe0f","breadcrumb":{"@id":"https:\/\/befare.eu\/de\/grundsaetze-zum-datenschutz\/#breadcrumb"},"inLanguage":"de","potentialAction":[{"@type":"ReadAction","target":["https:\/\/befare.eu\/de\/grundsaetze-zum-datenschutz\/"]}]},{"@type":"BreadcrumbList","@id":"https:\/\/befare.eu\/de\/grundsaetze-zum-datenschutz\/#breadcrumb","itemListElement":[{"@type":"ListItem","position":1,"name":"Domovsk\u00e1 str\u00e1nka","item":"https:\/\/befare.eu\/de\/"},{"@type":"ListItem","position":2,"name":"Grunds\u00e4tze zum Datenschutz"}]},{"@type":"WebSite","@id":"https:\/\/befare.eu\/de\/#website","url":"https:\/\/befare.eu\/de\/","name":"BEFARE 1 s.r.o.","description":"","publisher":{"@id":"https:\/\/befare.eu\/de\/#organization"},"potentialAction":[{"@type":"SearchAction","target":{"@type":"EntryPoint","urlTemplate":"https:\/\/befare.eu\/de\/?s={search_term_string}"},"query-input":"required name=search_term_string"}],"inLanguage":"de"},{"@type":"Organization","@id":"https:\/\/befare.eu\/de\/#organization","name":"Befare 1 s.r.o.","url":"https:\/\/befare.eu\/de\/","logo":{"@type":"ImageObject","inLanguage":"de","@id":"https:\/\/befare.eu\/de\/#\/schema\/logo\/image\/","url":"https:\/\/befare.eu\/wp-content\/uploads\/2020\/05\/befare-logo.png","contentUrl":"https:\/\/befare.eu\/wp-content\/uploads\/2020\/05\/befare-logo.png","width":300,"height":80,"caption":"Befare 1 s.r.o."},"image":{"@id":"https:\/\/befare.eu\/de\/#\/schema\/logo\/image\/"},"sameAs":["https:\/\/www.facebook.com\/STERILLIGHT-101944348437357"]}]}},"_links":{"self":[{"href":"https:\/\/befare.eu\/de\/wp-json\/wp\/v2\/pages\/4041"}],"collection":[{"href":"https:\/\/befare.eu\/de\/wp-json\/wp\/v2\/pages"}],"about":[{"href":"https:\/\/befare.eu\/de\/wp-json\/wp\/v2\/types\/page"}],"author":[{"embeddable":true,"href":"https:\/\/befare.eu\/de\/wp-json\/wp\/v2\/users\/1"}],"replies":[{"embeddable":true,"href":"https:\/\/befare.eu\/de\/wp-json\/wp\/v2\/comments?post=4041"}],"version-history":[{"count":0,"href":"https:\/\/befare.eu\/de\/wp-json\/wp\/v2\/pages\/4041\/revisions"}],"wp:attachment":[{"href":"https:\/\/befare.eu\/de\/wp-json\/wp\/v2\/media?parent=4041"}],"curies":[{"name":"wp","href":"https:\/\/api.w.org\/{rel}","templated":true}]}}